{"id":9602,"date":"2026-03-17T03:30:24","date_gmt":"2026-03-17T00:30:24","guid":{"rendered":"https:\/\/emirkoleksiyon.com\/index.php\/urun\/1985-yili-tedavul-50-lira-cil-2\/"},"modified":"2026-03-22T02:14:33","modified_gmt":"2026-03-21T23:14:33","slug":"1985-yili-tedavul-50-lira-cil-2","status":"publish","type":"product","link":"https:\/\/emirkoleksiyon.com\/index.php\/urun\/1985-yili-tedavul-50-lira-cil-2\/","title":{"rendered":"1985 Y\u0131l\u0131 Tedav\u00fcl 50 Lira \u00c7\u0130L"},"content":{"rendered":"<p>1985 YILI TEDAV\u00dcL 50 L\u0130RA ; Kondisyon: \u00c7il ; Y\u0131l:1987 ; Metal: Nikel ; \u00c7ap:26,7 mm ; Kal\u0131nl\u0131k: 2,40 mm ; A\u011f\u0131rl\u0131k:9 gr. ;<\/p>\n","protected":false},"excerpt":{"rendered":"<p>1985 YILI TEDAV\u00dcL 50 L\u0130RA ; Kondisyon: \u00c7il ; Y\u0131l:1987 ; Metal: Nikel ; \u00c7ap:26,7 mm ; Kal\u0131nl\u0131k: 2,40 mm ; A\u011f\u0131rl\u0131k:9 gr. ;<\/p>\n","protected":false},"featured_media":9601,"comment_status":"open","ping_status":"closed","template":"","meta":[],"product_brand":[],"product_cat":[39],"product_tag":[129],"class_list":{"0":"post-9602","1":"product","2":"type-product","3":"status-publish","4":"has-post-thumbnail","6":"product_cat-1958-2003-donemi","7":"product_tag-emir-collection","9":"first","10":"instock","11":"taxable","12":"shipping-taxable","13":"purchasable","14":"product-type-simple"},"_links":{"self":[{"href":"https:\/\/emirkoleksiyon.com\/index.php\/wp-json\/wp\/v2\/product\/9602","targetHints":{"allow":["GET"]}}],"collection":[{"href":"https:\/\/emirkoleksiyon.com\/index.php\/wp-json\/wp\/v2\/product"}],"about":[{"href":"https:\/\/emirkoleksiyon.com\/index.php\/wp-json\/wp\/v2\/types\/product"}],"replies":[{"embeddable":true,"href":"https:\/\/emirkoleksiyon.com\/index.php\/wp-json\/wp\/v2\/comments?post=9602"}],"wp:featuredmedia":[{"embeddable":true,"href":"https:\/\/emirkoleksiyon.com\/index.php\/wp-json\/wp\/v2\/media\/9601"}],"wp:attachment":[{"href":"https:\/\/emirkoleksiyon.com\/index.php\/wp-json\/wp\/v2\/media?parent=9602"}],"wp:term":[{"taxonomy":"product_brand","embeddable":true,"href":"https:\/\/emirkoleksiyon.com\/index.php\/wp-json\/wp\/v2\/product_brand?post=9602"},{"taxonomy":"product_cat","embeddable":true,"href":"https:\/\/emirkoleksiyon.com\/index.php\/wp-json\/wp\/v2\/product_cat?post=9602"},{"taxonomy":"product_tag","embeddable":true,"href":"https:\/\/emirkoleksiyon.com\/index.php\/wp-json\/wp\/v2\/product_tag?post=9602"}],"curies":[{"name":"wp","href":"https:\/\/api.w.org\/{rel}","templated":true}]}}