{"id":9557,"date":"2026-03-17T03:26:22","date_gmt":"2026-03-17T00:26:22","guid":{"rendered":"https:\/\/emirkoleksiyon.com\/index.php\/urun\/1987-yili-tedavul-100-lira-cil\/"},"modified":"2026-03-22T02:35:01","modified_gmt":"2026-03-21T23:35:01","slug":"1987-yili-tedavul-100-lira-cil","status":"publish","type":"product","link":"https:\/\/emirkoleksiyon.com\/index.php\/urun\/1987-yili-tedavul-100-lira-cil\/","title":{"rendered":"1987 Y\u0131l\u0131 Tedav\u00fcl 100 Lira \u00c7\u0130L"},"content":{"rendered":"<p>1987 YILI TEDAV\u00dcL 100 L\u0130RA ; KOND\u0130SYON: \u00c7\u0130L ; METAL: BAKIR\/N\u0130KEL ; TEDAV\u00dcL ZAMANI: 1987 ; A\u011eIRLIK: 11 GR ; \u00c7AP:29,60mm ;<\/p>\n","protected":false},"excerpt":{"rendered":"<p>1987 YILI TEDAV\u00dcL 100 L\u0130RA ; KOND\u0130SYON: \u00c7\u0130L ; METAL: BAKIR\/N\u0130KEL ; TEDAV\u00dcL ZAMANI: 1987 ; A\u011eIRLIK: 11 GR ; \u00c7AP:29,60mm ;<\/p>\n","protected":false},"featured_media":9556,"comment_status":"open","ping_status":"closed","template":"","meta":[],"product_brand":[],"product_cat":[39],"product_tag":[129],"class_list":{"0":"post-9557","1":"product","2":"type-product","3":"status-publish","4":"has-post-thumbnail","6":"product_cat-1958-2003-donemi","7":"product_tag-emir-collection","9":"first","10":"instock","11":"taxable","12":"shipping-taxable","13":"purchasable","14":"product-type-simple"},"_links":{"self":[{"href":"https:\/\/emirkoleksiyon.com\/index.php\/wp-json\/wp\/v2\/product\/9557","targetHints":{"allow":["GET"]}}],"collection":[{"href":"https:\/\/emirkoleksiyon.com\/index.php\/wp-json\/wp\/v2\/product"}],"about":[{"href":"https:\/\/emirkoleksiyon.com\/index.php\/wp-json\/wp\/v2\/types\/product"}],"replies":[{"embeddable":true,"href":"https:\/\/emirkoleksiyon.com\/index.php\/wp-json\/wp\/v2\/comments?post=9557"}],"wp:featuredmedia":[{"embeddable":true,"href":"https:\/\/emirkoleksiyon.com\/index.php\/wp-json\/wp\/v2\/media\/9556"}],"wp:attachment":[{"href":"https:\/\/emirkoleksiyon.com\/index.php\/wp-json\/wp\/v2\/media?parent=9557"}],"wp:term":[{"taxonomy":"product_brand","embeddable":true,"href":"https:\/\/emirkoleksiyon.com\/index.php\/wp-json\/wp\/v2\/product_brand?post=9557"},{"taxonomy":"product_cat","embeddable":true,"href":"https:\/\/emirkoleksiyon.com\/index.php\/wp-json\/wp\/v2\/product_cat?post=9557"},{"taxonomy":"product_tag","embeddable":true,"href":"https:\/\/emirkoleksiyon.com\/index.php\/wp-json\/wp\/v2\/product_tag?post=9557"}],"curies":[{"name":"wp","href":"https:\/\/api.w.org\/{rel}","templated":true}]}}