{"id":9392,"date":"2026-03-17T03:11:13","date_gmt":"2026-03-17T00:11:13","guid":{"rendered":"https:\/\/emirkoleksiyon.com\/index.php\/urun\/1993-yili-tedavul-1000-lira-cil\/"},"modified":"2026-03-22T02:50:52","modified_gmt":"2026-03-21T23:50:52","slug":"1993-yili-tedavul-1000-lira-cil","status":"publish","type":"product","link":"https:\/\/emirkoleksiyon.com\/index.php\/urun\/1993-yili-tedavul-1000-lira-cil\/","title":{"rendered":"1993 Y\u0131l\u0131 Tedav\u00fcl 1000 Lira \u00c7\u0130L"},"content":{"rendered":"<p>1990 YILI TEDAV\u00dcL 1000 L\u0130RA KOND\u0130SYON: \u00c7\u0130L METAL: N\u0130KEL TEDAV\u00dcL ZAMANI: 1990 A\u011eIRLIK: 8.10 GR \u00c7AP: 25,50 mm<\/p>\n","protected":false},"excerpt":{"rendered":"<p>1990 YILI TEDAV\u00dcL 1000 L\u0130RA KOND\u0130SYON: \u00c7\u0130L METAL: N\u0130KEL TEDAV\u00dcL ZAMANI: 1990 A\u011eIRLIK: 8.10 GR \u00c7AP: 25,50 mm<\/p>\n","protected":false},"featured_media":9391,"comment_status":"open","ping_status":"closed","template":"","meta":[],"product_brand":[],"product_cat":[39],"product_tag":[129],"class_list":{"0":"post-9392","1":"product","2":"type-product","3":"status-publish","4":"has-post-thumbnail","6":"product_cat-1958-2003-donemi","7":"product_tag-emir-collection","9":"first","10":"instock","11":"taxable","12":"shipping-taxable","13":"purchasable","14":"product-type-simple"},"_links":{"self":[{"href":"https:\/\/emirkoleksiyon.com\/index.php\/wp-json\/wp\/v2\/product\/9392","targetHints":{"allow":["GET"]}}],"collection":[{"href":"https:\/\/emirkoleksiyon.com\/index.php\/wp-json\/wp\/v2\/product"}],"about":[{"href":"https:\/\/emirkoleksiyon.com\/index.php\/wp-json\/wp\/v2\/types\/product"}],"replies":[{"embeddable":true,"href":"https:\/\/emirkoleksiyon.com\/index.php\/wp-json\/wp\/v2\/comments?post=9392"}],"wp:featuredmedia":[{"embeddable":true,"href":"https:\/\/emirkoleksiyon.com\/index.php\/wp-json\/wp\/v2\/media\/9391"}],"wp:attachment":[{"href":"https:\/\/emirkoleksiyon.com\/index.php\/wp-json\/wp\/v2\/media?parent=9392"}],"wp:term":[{"taxonomy":"product_brand","embeddable":true,"href":"https:\/\/emirkoleksiyon.com\/index.php\/wp-json\/wp\/v2\/product_brand?post=9392"},{"taxonomy":"product_cat","embeddable":true,"href":"https:\/\/emirkoleksiyon.com\/index.php\/wp-json\/wp\/v2\/product_cat?post=9392"},{"taxonomy":"product_tag","embeddable":true,"href":"https:\/\/emirkoleksiyon.com\/index.php\/wp-json\/wp\/v2\/product_tag?post=9392"}],"curies":[{"name":"wp","href":"https:\/\/api.w.org\/{rel}","templated":true}]}}