{"id":9276,"date":"2026-03-17T03:01:02","date_gmt":"2026-03-17T00:01:02","guid":{"rendered":"https:\/\/emirkoleksiyon.com\/index.php\/urun\/1999-yili-fao-sarapcilik-50-bin-turk-lirasi-hatira-para-ozel-kitinde-cil\/"},"modified":"2026-03-17T03:01:02","modified_gmt":"2026-03-17T00:01:02","slug":"1999-yili-fao-sarapcilik-50-bin-turk-lirasi-hatira-para-ozel-kitinde-cil","status":"publish","type":"product","link":"https:\/\/emirkoleksiyon.com\/index.php\/urun\/1999-yili-fao-sarapcilik-50-bin-turk-lirasi-hatira-para-ozel-kitinde-cil\/","title":{"rendered":"1999 Y\u0131l\u0131 Fao \u015earap\u00e7\u0131l\u0131k 50 Bin T\u00fcrk Liras\u0131 Hat\u0131ra Para \u00d6zel Kitinde \u00c7il"},"content":{"rendered":"<p>1999 YILI \u015eARAP\u00c7ILIK 50.000 T\u00dcRK L\u0130RASI \u00d6ZEL K\u0130T\u0130NDE ; 1 ADET YOLLANACAKTIR.; ; KOND\u0130SYON:\u00c7\u0130L ; BASIM YILI: 1999 ; METAL: AL\u00dcM\u0130NYUM ; A\u011eIRLIK: 1.50 GR ; \u00c7AP:20 mm ;<\/p>\n","protected":false},"excerpt":{"rendered":"<p>1999 YILI \u015eARAP\u00c7ILIK 50.000 T\u00dcRK L\u0130RASI \u00d6ZEL K\u0130T\u0130NDE ; 1 ADET YOLLANACAKTIR.; ; KOND\u0130SYON:\u00c7\u0130L ; BASIM YILI: 1999 ; METAL: AL\u00dcM\u0130NYUM ; A\u011eIRLIK: 1.50 GR ; \u00c7AP:20 mm ;<\/p>\n","protected":false},"featured_media":9275,"comment_status":"open","ping_status":"closed","template":"","meta":[],"product_brand":[],"product_cat":[125],"product_tag":[129],"class_list":{"0":"post-9276","1":"product","2":"type-product","3":"status-publish","4":"has-post-thumbnail","6":"product_cat-konsept-hediyelik","7":"product_tag-emir-collection","9":"first","10":"outofstock","11":"taxable","12":"shipping-taxable","13":"purchasable","14":"product-type-simple"},"_links":{"self":[{"href":"https:\/\/emirkoleksiyon.com\/index.php\/wp-json\/wp\/v2\/product\/9276","targetHints":{"allow":["GET"]}}],"collection":[{"href":"https:\/\/emirkoleksiyon.com\/index.php\/wp-json\/wp\/v2\/product"}],"about":[{"href":"https:\/\/emirkoleksiyon.com\/index.php\/wp-json\/wp\/v2\/types\/product"}],"replies":[{"embeddable":true,"href":"https:\/\/emirkoleksiyon.com\/index.php\/wp-json\/wp\/v2\/comments?post=9276"}],"wp:featuredmedia":[{"embeddable":true,"href":"https:\/\/emirkoleksiyon.com\/index.php\/wp-json\/wp\/v2\/media\/9275"}],"wp:attachment":[{"href":"https:\/\/emirkoleksiyon.com\/index.php\/wp-json\/wp\/v2\/media?parent=9276"}],"wp:term":[{"taxonomy":"product_brand","embeddable":true,"href":"https:\/\/emirkoleksiyon.com\/index.php\/wp-json\/wp\/v2\/product_brand?post=9276"},{"taxonomy":"product_cat","embeddable":true,"href":"https:\/\/emirkoleksiyon.com\/index.php\/wp-json\/wp\/v2\/product_cat?post=9276"},{"taxonomy":"product_tag","embeddable":true,"href":"https:\/\/emirkoleksiyon.com\/index.php\/wp-json\/wp\/v2\/product_tag?post=9276"}],"curies":[{"name":"wp","href":"https:\/\/api.w.org\/{rel}","templated":true}]}}