{"id":9171,"date":"2026-03-17T02:51:24","date_gmt":"2026-03-16T23:51:24","guid":{"rendered":"https:\/\/emirkoleksiyon.com\/index.php\/urun\/kuzey-kore-2006-yili-5000-won-yabanci-kagit-para-cil-unc-koleksiyon-para-2\/"},"modified":"2026-03-24T21:07:40","modified_gmt":"2026-03-24T18:07:40","slug":"kuzey-kore-2006-yili-5000-won-yabanci-kagit-para-cil-unc-koleksiyon-para-2","status":"publish","type":"product","link":"https:\/\/emirkoleksiyon.com\/index.php\/urun\/kuzey-kore-2006-yili-5000-won-yabanci-kagit-para-cil-unc-koleksiyon-para-2\/","title":{"rendered":"Kuzey Kore 2006 Y\u0131l\u0131 5000 Won Yabanc\u0131 Ka\u011f\u0131t Para \u00c7\u0130L (Unc) Koleksiyon Para"},"content":{"rendered":"<p>EM\u0130R COLLECT\u0130ON KUZEY KORE 2006 YILI 5000 WON \u00c7\u0130L (Unc) Yabanc\u0131 Koleksiyon Para Yukar\u0131da G\u00f6r\u00fclen \u00dcr\u00fcn G\u00f6nderilecektir.; ; Seri No Farkl\u0131l\u0131k G\u00f6sterebilir.; ; T\u00fcm \u00dcr\u00fcnler Orijinaldir.; ; Koleksiyon De\u011feri Vard\u0131r.; ; \u00c7il Kondisyon (Unc) ; Di\u011fer \u00dcr\u00fcnlerimizi De \u0130nceleyiniz.; ; G\u00dcZEL G\u00d6RSELL\u0130 \u00dcR\u00dcN ;<\/p>\n","protected":false},"excerpt":{"rendered":"<p>EM\u0130R COLLECT\u0130ON KUZEY KORE 2006 YILI 5000 WON \u00c7\u0130L (Unc) Yabanc\u0131 Koleksiyon Para Yukar\u0131da G\u00f6r\u00fclen \u00dcr\u00fcn G\u00f6nderilecektir.; ; Seri No Farkl\u0131l\u0131k G\u00f6sterebilir.; ; T\u00fcm \u00dcr\u00fcnler Orijinaldir.; ; Koleksiyon De\u011feri Vard\u0131r.; ; \u00c7il Kondisyon (Unc) ; Di\u011fer \u00dcr\u00fcnlerimizi De \u0130nceleyiniz.; ; G\u00dcZEL G\u00d6RSELL\u0130 \u00dcR\u00dcN ;<\/p>\n","protected":false},"featured_media":9170,"comment_status":"open","ping_status":"closed","template":"","meta":[],"product_brand":[],"product_cat":[64],"product_tag":[129],"class_list":{"0":"post-9171","1":"product","2":"type-product","3":"status-publish","4":"has-post-thumbnail","6":"product_cat-asya","7":"product_tag-emir-collection","9":"first","10":"instock","11":"taxable","12":"shipping-taxable","13":"purchasable","14":"product-type-simple"},"_links":{"self":[{"href":"https:\/\/emirkoleksiyon.com\/index.php\/wp-json\/wp\/v2\/product\/9171","targetHints":{"allow":["GET"]}}],"collection":[{"href":"https:\/\/emirkoleksiyon.com\/index.php\/wp-json\/wp\/v2\/product"}],"about":[{"href":"https:\/\/emirkoleksiyon.com\/index.php\/wp-json\/wp\/v2\/types\/product"}],"replies":[{"embeddable":true,"href":"https:\/\/emirkoleksiyon.com\/index.php\/wp-json\/wp\/v2\/comments?post=9171"}],"wp:featuredmedia":[{"embeddable":true,"href":"https:\/\/emirkoleksiyon.com\/index.php\/wp-json\/wp\/v2\/media\/9170"}],"wp:attachment":[{"href":"https:\/\/emirkoleksiyon.com\/index.php\/wp-json\/wp\/v2\/media?parent=9171"}],"wp:term":[{"taxonomy":"product_brand","embeddable":true,"href":"https:\/\/emirkoleksiyon.com\/index.php\/wp-json\/wp\/v2\/product_brand?post=9171"},{"taxonomy":"product_cat","embeddable":true,"href":"https:\/\/emirkoleksiyon.com\/index.php\/wp-json\/wp\/v2\/product_cat?post=9171"},{"taxonomy":"product_tag","embeddable":true,"href":"https:\/\/emirkoleksiyon.com\/index.php\/wp-json\/wp\/v2\/product_tag?post=9171"}],"curies":[{"name":"wp","href":"https:\/\/api.w.org\/{rel}","templated":true}]}}