{"id":8672,"date":"2026-03-17T02:01:46","date_gmt":"2026-03-16T23:01:46","guid":{"rendered":"https:\/\/emirkoleksiyon.com\/index.php\/urun\/1989-yili-pirinc-nadir-meksika-baski-tedavul-500-lira-cil-3\/"},"modified":"2026-03-17T02:01:47","modified_gmt":"2026-03-16T23:01:47","slug":"1989-yili-pirinc-nadir-meksika-baski-tedavul-500-lira-cil-3","status":"publish","type":"product","link":"https:\/\/emirkoleksiyon.com\/index.php\/urun\/1989-yili-pirinc-nadir-meksika-baski-tedavul-500-lira-cil-3\/","title":{"rendered":"1989 Y\u0131l\u0131 Pirin\u00e7 Nadir Meksika Bask\u0131 Tedav\u00fcl 500 Lira \u00c7il"},"content":{"rendered":"<p>1989 YILI TEDAV\u00dcL 500 L\u0130RA ; KOND\u0130SYON: \u00c7\u0130L ; METAL: P\u0130R\u0130N\u00c7 ; TEDAV\u00dcL ZAMANI: 1989 ; A\u011eIRLIK: 6.10 GR ; \u00c7AP: 23.75 mm ;<\/p>\n","protected":false},"excerpt":{"rendered":"<p>1989 YILI TEDAV\u00dcL 500 L\u0130RA ; KOND\u0130SYON: \u00c7\u0130L ; METAL: P\u0130R\u0130N\u00c7 ; TEDAV\u00dcL ZAMANI: 1989 ; A\u011eIRLIK: 6.10 GR ; \u00c7AP: 23.75 mm ;<\/p>\n","protected":false},"featured_media":8669,"comment_status":"open","ping_status":"closed","template":"","meta":[],"product_brand":[],"product_cat":[125],"product_tag":[129],"class_list":{"0":"post-8672","1":"product","2":"type-product","3":"status-publish","4":"has-post-thumbnail","6":"product_cat-konsept-hediyelik","7":"product_tag-emir-collection","9":"first","10":"outofstock","11":"taxable","12":"shipping-taxable","13":"purchasable","14":"product-type-simple"},"_links":{"self":[{"href":"https:\/\/emirkoleksiyon.com\/index.php\/wp-json\/wp\/v2\/product\/8672","targetHints":{"allow":["GET"]}}],"collection":[{"href":"https:\/\/emirkoleksiyon.com\/index.php\/wp-json\/wp\/v2\/product"}],"about":[{"href":"https:\/\/emirkoleksiyon.com\/index.php\/wp-json\/wp\/v2\/types\/product"}],"replies":[{"embeddable":true,"href":"https:\/\/emirkoleksiyon.com\/index.php\/wp-json\/wp\/v2\/comments?post=8672"}],"wp:featuredmedia":[{"embeddable":true,"href":"https:\/\/emirkoleksiyon.com\/index.php\/wp-json\/wp\/v2\/media\/8669"}],"wp:attachment":[{"href":"https:\/\/emirkoleksiyon.com\/index.php\/wp-json\/wp\/v2\/media?parent=8672"}],"wp:term":[{"taxonomy":"product_brand","embeddable":true,"href":"https:\/\/emirkoleksiyon.com\/index.php\/wp-json\/wp\/v2\/product_brand?post=8672"},{"taxonomy":"product_cat","embeddable":true,"href":"https:\/\/emirkoleksiyon.com\/index.php\/wp-json\/wp\/v2\/product_cat?post=8672"},{"taxonomy":"product_tag","embeddable":true,"href":"https:\/\/emirkoleksiyon.com\/index.php\/wp-json\/wp\/v2\/product_tag?post=8672"}],"curies":[{"name":"wp","href":"https:\/\/api.w.org\/{rel}","templated":true}]}}