{"id":7859,"date":"2026-03-17T00:36:04","date_gmt":"2026-03-16T21:36:04","guid":{"rendered":"https:\/\/emirkoleksiyon.com\/index.php\/urun\/2000-yili-turkiye-cumhuriyeti-100-000-turk-lirasi-ozel-kitinde\/"},"modified":"2026-03-17T00:36:04","modified_gmt":"2026-03-16T21:36:04","slug":"2000-yili-turkiye-cumhuriyeti-100-000-turk-lirasi-ozel-kitinde","status":"publish","type":"product","link":"https:\/\/emirkoleksiyon.com\/index.php\/urun\/2000-yili-turkiye-cumhuriyeti-100-000-turk-lirasi-ozel-kitinde\/","title":{"rendered":"2000 Y\u0131l\u0131 T\u00fcrkiye Cumhuriyeti 100.000 T\u00fcrk Liras\u0131 \u00d6zel Kitinde"},"content":{"rendered":"<p>\u00c7\u0130L \/ OR\u0130J\u0130NAL \u00dcR\u00dcN \/ 1 ADET G\u00d6NDER\u0130LECEKT\u0130R<\/p>\n","protected":false},"excerpt":{"rendered":"<p>\u00c7\u0130L \/ OR\u0130J\u0130NAL \u00dcR\u00dcN \/ 1 ADET G\u00d6NDER\u0130LECEKT\u0130R<\/p>\n","protected":false},"featured_media":7858,"comment_status":"open","ping_status":"closed","template":"","meta":[],"product_brand":[],"product_cat":[125],"product_tag":[126],"class_list":{"0":"post-7859","1":"product","2":"type-product","3":"status-publish","4":"has-post-thumbnail","6":"product_cat-konsept-hediyelik","7":"product_tag-emir-koleksiyon-coin-paper-collection","9":"first","10":"outofstock","11":"taxable","12":"shipping-taxable","13":"purchasable","14":"product-type-simple"},"_links":{"self":[{"href":"https:\/\/emirkoleksiyon.com\/index.php\/wp-json\/wp\/v2\/product\/7859","targetHints":{"allow":["GET"]}}],"collection":[{"href":"https:\/\/emirkoleksiyon.com\/index.php\/wp-json\/wp\/v2\/product"}],"about":[{"href":"https:\/\/emirkoleksiyon.com\/index.php\/wp-json\/wp\/v2\/types\/product"}],"replies":[{"embeddable":true,"href":"https:\/\/emirkoleksiyon.com\/index.php\/wp-json\/wp\/v2\/comments?post=7859"}],"wp:featuredmedia":[{"embeddable":true,"href":"https:\/\/emirkoleksiyon.com\/index.php\/wp-json\/wp\/v2\/media\/7858"}],"wp:attachment":[{"href":"https:\/\/emirkoleksiyon.com\/index.php\/wp-json\/wp\/v2\/media?parent=7859"}],"wp:term":[{"taxonomy":"product_brand","embeddable":true,"href":"https:\/\/emirkoleksiyon.com\/index.php\/wp-json\/wp\/v2\/product_brand?post=7859"},{"taxonomy":"product_cat","embeddable":true,"href":"https:\/\/emirkoleksiyon.com\/index.php\/wp-json\/wp\/v2\/product_cat?post=7859"},{"taxonomy":"product_tag","embeddable":true,"href":"https:\/\/emirkoleksiyon.com\/index.php\/wp-json\/wp\/v2\/product_tag?post=7859"}],"curies":[{"name":"wp","href":"https:\/\/api.w.org\/{rel}","templated":true}]}}