{"id":7733,"date":"2026-03-17T00:23:30","date_gmt":"2026-03-16T21:23:30","guid":{"rendered":"https:\/\/emirkoleksiyon.com\/index.php\/urun\/suriye-eski-50-100-200-500-1000-2000-5000-pound-7li-tam-set-yabanci-kagit-para-cil\/"},"modified":"2026-03-17T00:24:29","modified_gmt":"2026-03-16T21:24:29","slug":"suriye-eski-50-100-200-500-1000-2000-5000-pound-7li-tam-set-yabanci-kagit-para-cil","status":"publish","type":"product","link":"https:\/\/emirkoleksiyon.com\/index.php\/urun\/suriye-eski-50-100-200-500-1000-2000-5000-pound-7li-tam-set-yabanci-kagit-para-cil\/","title":{"rendered":"Suriye Eski 50-100-200-500-1000-2000-5000 Pound 7&#8217;Li Tam Set Yabanc\u0131 Ka\u011f\u0131t Para \u00c7\u0130L"},"content":{"rendered":"<p>\u00c7\u0130L \/ OR\u0130J\u0130NAL \u00dcR\u00dcN \/ 1 ADET G\u00d6NDER\u0130LECEKT\u0130R<\/p>\n","protected":false},"excerpt":{"rendered":"<p>\u00c7\u0130L \/ OR\u0130J\u0130NAL \u00dcR\u00dcN \/ 1 ADET G\u00d6NDER\u0130LECEKT\u0130R<\/p>\n","protected":false},"featured_media":7732,"comment_status":"open","ping_status":"closed","template":"","meta":[],"product_brand":[],"product_cat":[125],"product_tag":[126],"class_list":{"0":"post-7733","1":"product","2":"type-product","3":"status-publish","4":"has-post-thumbnail","6":"product_cat-konsept-hediyelik","7":"product_tag-emir-koleksiyon-coin-paper-collection","9":"first","10":"instock","11":"taxable","12":"shipping-taxable","13":"purchasable","14":"product-type-simple"},"_links":{"self":[{"href":"https:\/\/emirkoleksiyon.com\/index.php\/wp-json\/wp\/v2\/product\/7733","targetHints":{"allow":["GET"]}}],"collection":[{"href":"https:\/\/emirkoleksiyon.com\/index.php\/wp-json\/wp\/v2\/product"}],"about":[{"href":"https:\/\/emirkoleksiyon.com\/index.php\/wp-json\/wp\/v2\/types\/product"}],"replies":[{"embeddable":true,"href":"https:\/\/emirkoleksiyon.com\/index.php\/wp-json\/wp\/v2\/comments?post=7733"}],"wp:featuredmedia":[{"embeddable":true,"href":"https:\/\/emirkoleksiyon.com\/index.php\/wp-json\/wp\/v2\/media\/7732"}],"wp:attachment":[{"href":"https:\/\/emirkoleksiyon.com\/index.php\/wp-json\/wp\/v2\/media?parent=7733"}],"wp:term":[{"taxonomy":"product_brand","embeddable":true,"href":"https:\/\/emirkoleksiyon.com\/index.php\/wp-json\/wp\/v2\/product_brand?post=7733"},{"taxonomy":"product_cat","embeddable":true,"href":"https:\/\/emirkoleksiyon.com\/index.php\/wp-json\/wp\/v2\/product_cat?post=7733"},{"taxonomy":"product_tag","embeddable":true,"href":"https:\/\/emirkoleksiyon.com\/index.php\/wp-json\/wp\/v2\/product_tag?post=7733"}],"curies":[{"name":"wp","href":"https:\/\/api.w.org\/{rel}","templated":true}]}}