{"id":7335,"date":"2026-03-16T23:44:41","date_gmt":"2026-03-16T20:44:41","guid":{"rendered":"https:\/\/emirkoleksiyon.com\/index.php\/urun\/2002-fao-kimsenin-ac-kalmayacagi-bir-dunya-500-bin-lira-ozel-kitinde-cil-unc\/"},"modified":"2026-03-16T23:44:41","modified_gmt":"2026-03-16T20:44:41","slug":"2002-fao-kimsenin-ac-kalmayacagi-bir-dunya-500-bin-lira-ozel-kitinde-cil-unc","status":"publish","type":"product","link":"https:\/\/emirkoleksiyon.com\/index.php\/urun\/2002-fao-kimsenin-ac-kalmayacagi-bir-dunya-500-bin-lira-ozel-kitinde-cil-unc\/","title":{"rendered":"2002 Fao Kimsenin A\u00e7 Kalmayaca\u011f\u0131 Bir D\u00fcnya 500 Bin Lira \u00d6zel Kitinde \u00c7il ( UNC )"},"content":{"rendered":"<p>&#8211; 2002 y\u0131l\u0131nda bas\u0131lan Fao Kimsenin A\u00e7 Kalmayaca\u011f\u0131 Bir D\u00fcnya 500 Bin Lira \u00f6zel kitinde yer alan \u00e7il (UNC) para, koleksiyoncular i\u00e7in nadir ve de\u011ferli bir par\u00e7a olarak \u00f6ne \u00e7\u0131kar.; &#8211; Bu \u00f6zel seri para, T\u00fcrkiye&#8217;nin ekonomik ve k\u00fclt\u00fcrel tarihine \u0131\u015f\u0131k tutan \u00f6nemli bir hat\u0131ra niteli\u011findedir.; &#8211; 500 Bin Lira de\u011ferindeki bu para, hem yat\u0131r\u0131m hem de koleksiyon ama\u00e7l\u0131 olarak tercih edilebilir.; &#8211; \u00c7il (UNC) olarak belirtilen bu para, m\u00fckemmel kondisyonunu koruyarak y\u0131llar i\u00e7inde de\u011fer kazanma potansiyeline sahiptir.; &#8211; Fao Kimsenin A\u00e7 Kalmayaca\u011f\u0131 Bir D\u00fcnya \u00f6zel kitinde yer alan bu para, T\u00fcrkiye&#8217;nin ekonomik tarihi hakk\u0131nda bilgi edinmek isteyenler i\u00e7in de \u00f6nemli bir kaynak te\u015fkil eder.;<\/p>\n","protected":false},"excerpt":{"rendered":"<p>&#8211; 2002 y\u0131l\u0131nda bas\u0131lan Fao Kimsenin A\u00e7 Kalmayaca\u011f\u0131 Bir D\u00fcnya 500 Bin Lira \u00f6zel kitinde yer alan \u00e7il (UNC) para, koleksiyoncular i\u00e7in nadir ve de\u011ferli bir par\u00e7a olarak \u00f6ne \u00e7\u0131kar.; &#8211; Bu \u00f6zel seri para, T\u00fcrkiye&#8217;nin ekonomik ve k\u00fclt\u00fcrel tarihine \u0131\u015f\u0131k tutan \u00f6nemli bir hat\u0131ra niteli\u011findedir.; &#8211; 500 Bin Lira de\u011ferindeki bu para, hem yat\u0131r\u0131m [&hellip;]<\/p>\n","protected":false},"featured_media":7334,"comment_status":"open","ping_status":"closed","template":"","meta":[],"product_brand":[],"product_cat":[125],"product_tag":[126],"class_list":{"0":"post-7335","1":"product","2":"type-product","3":"status-publish","4":"has-post-thumbnail","6":"product_cat-konsept-hediyelik","7":"product_tag-emir-koleksiyon-coin-paper-collection","9":"first","10":"instock","11":"taxable","12":"shipping-taxable","13":"purchasable","14":"product-type-simple"},"_links":{"self":[{"href":"https:\/\/emirkoleksiyon.com\/index.php\/wp-json\/wp\/v2\/product\/7335","targetHints":{"allow":["GET"]}}],"collection":[{"href":"https:\/\/emirkoleksiyon.com\/index.php\/wp-json\/wp\/v2\/product"}],"about":[{"href":"https:\/\/emirkoleksiyon.com\/index.php\/wp-json\/wp\/v2\/types\/product"}],"replies":[{"embeddable":true,"href":"https:\/\/emirkoleksiyon.com\/index.php\/wp-json\/wp\/v2\/comments?post=7335"}],"wp:featuredmedia":[{"embeddable":true,"href":"https:\/\/emirkoleksiyon.com\/index.php\/wp-json\/wp\/v2\/media\/7334"}],"wp:attachment":[{"href":"https:\/\/emirkoleksiyon.com\/index.php\/wp-json\/wp\/v2\/media?parent=7335"}],"wp:term":[{"taxonomy":"product_brand","embeddable":true,"href":"https:\/\/emirkoleksiyon.com\/index.php\/wp-json\/wp\/v2\/product_brand?post=7335"},{"taxonomy":"product_cat","embeddable":true,"href":"https:\/\/emirkoleksiyon.com\/index.php\/wp-json\/wp\/v2\/product_cat?post=7335"},{"taxonomy":"product_tag","embeddable":true,"href":"https:\/\/emirkoleksiyon.com\/index.php\/wp-json\/wp\/v2\/product_tag?post=7335"}],"curies":[{"name":"wp","href":"https:\/\/api.w.org\/{rel}","templated":true}]}}