{"id":7161,"date":"2026-03-16T23:28:59","date_gmt":"2026-03-16T20:28:59","guid":{"rendered":"https:\/\/emirkoleksiyon.com\/index.php\/urun\/kirgizistan-2023-yili-50-som-yabanci-kagit-para-cil-unc-koleksiyon-para\/"},"modified":"2026-03-16T23:29:10","modified_gmt":"2026-03-16T20:29:10","slug":"kirgizistan-2023-yili-50-som-yabanci-kagit-para-cil-unc-koleksiyon-para","status":"publish","type":"product","link":"https:\/\/emirkoleksiyon.com\/index.php\/urun\/kirgizistan-2023-yili-50-som-yabanci-kagit-para-cil-unc-koleksiyon-para\/","title":{"rendered":"K\u0131rg\u0131zistan 2023 Y\u0131l\u0131 50 Som Yabanc\u0131 Ka\u011f\u0131t Para \u00c7il ( UNC ) Koleksiyon Para"},"content":{"rendered":"<p>\u00c7\u0130L \/ OR\u0130J\u0130NAL \u00dcR\u00dcN \/ 1 ADET G\u00d6NDER\u0130LECEKT\u0130R<\/p>\n","protected":false},"excerpt":{"rendered":"<p>\u00c7\u0130L \/ OR\u0130J\u0130NAL \u00dcR\u00dcN \/ 1 ADET G\u00d6NDER\u0130LECEKT\u0130R<\/p>\n","protected":false},"featured_media":7160,"comment_status":"open","ping_status":"closed","template":"","meta":[],"product_brand":[],"product_cat":[125],"product_tag":[126],"class_list":{"0":"post-7161","1":"product","2":"type-product","3":"status-publish","4":"has-post-thumbnail","6":"product_cat-konsept-hediyelik","7":"product_tag-emir-koleksiyon-coin-paper-collection","9":"first","10":"instock","11":"taxable","12":"shipping-taxable","13":"purchasable","14":"product-type-simple"},"_links":{"self":[{"href":"https:\/\/emirkoleksiyon.com\/index.php\/wp-json\/wp\/v2\/product\/7161","targetHints":{"allow":["GET"]}}],"collection":[{"href":"https:\/\/emirkoleksiyon.com\/index.php\/wp-json\/wp\/v2\/product"}],"about":[{"href":"https:\/\/emirkoleksiyon.com\/index.php\/wp-json\/wp\/v2\/types\/product"}],"replies":[{"embeddable":true,"href":"https:\/\/emirkoleksiyon.com\/index.php\/wp-json\/wp\/v2\/comments?post=7161"}],"wp:featuredmedia":[{"embeddable":true,"href":"https:\/\/emirkoleksiyon.com\/index.php\/wp-json\/wp\/v2\/media\/7160"}],"wp:attachment":[{"href":"https:\/\/emirkoleksiyon.com\/index.php\/wp-json\/wp\/v2\/media?parent=7161"}],"wp:term":[{"taxonomy":"product_brand","embeddable":true,"href":"https:\/\/emirkoleksiyon.com\/index.php\/wp-json\/wp\/v2\/product_brand?post=7161"},{"taxonomy":"product_cat","embeddable":true,"href":"https:\/\/emirkoleksiyon.com\/index.php\/wp-json\/wp\/v2\/product_cat?post=7161"},{"taxonomy":"product_tag","embeddable":true,"href":"https:\/\/emirkoleksiyon.com\/index.php\/wp-json\/wp\/v2\/product_tag?post=7161"}],"curies":[{"name":"wp","href":"https:\/\/api.w.org\/{rel}","templated":true}]}}