{"id":7129,"date":"2026-03-16T23:26:15","date_gmt":"2026-03-16T20:26:15","guid":{"rendered":"https:\/\/emirkoleksiyon.com\/index.php\/urun\/kosta-rika-2018-yili-2000-colones-yabanci-polimer-kagit-para-cil-unc-koleksiyon-para\/"},"modified":"2026-03-16T23:26:24","modified_gmt":"2026-03-16T20:26:24","slug":"kosta-rika-2018-yili-2000-colones-yabanci-polimer-kagit-para-cil-unc-koleksiyon-para","status":"publish","type":"product","link":"https:\/\/emirkoleksiyon.com\/index.php\/urun\/kosta-rika-2018-yili-2000-colones-yabanci-polimer-kagit-para-cil-unc-koleksiyon-para\/","title":{"rendered":"Kosta Rika 2018 Y\u0131l\u0131 2000 Colones Yabanc\u0131 Polimer Ka\u011f\u0131t Para \u00c7il ( UNC ) Koleksiyon Para"},"content":{"rendered":"<p>\u00c7\u0130L \/ OR\u0130J\u0130NAL \u00dcR\u00dcN \/ 1 ADET G\u00d6NDER\u0130LECEKT\u0130R<\/p>\n","protected":false},"excerpt":{"rendered":"<p>\u00c7\u0130L \/ OR\u0130J\u0130NAL \u00dcR\u00dcN \/ 1 ADET G\u00d6NDER\u0130LECEKT\u0130R<\/p>\n","protected":false},"featured_media":7128,"comment_status":"open","ping_status":"closed","template":"","meta":[],"product_brand":[],"product_cat":[125],"product_tag":[126],"class_list":{"0":"post-7129","1":"product","2":"type-product","3":"status-publish","4":"has-post-thumbnail","6":"product_cat-konsept-hediyelik","7":"product_tag-emir-koleksiyon-coin-paper-collection","9":"first","10":"instock","11":"taxable","12":"shipping-taxable","13":"purchasable","14":"product-type-simple"},"_links":{"self":[{"href":"https:\/\/emirkoleksiyon.com\/index.php\/wp-json\/wp\/v2\/product\/7129","targetHints":{"allow":["GET"]}}],"collection":[{"href":"https:\/\/emirkoleksiyon.com\/index.php\/wp-json\/wp\/v2\/product"}],"about":[{"href":"https:\/\/emirkoleksiyon.com\/index.php\/wp-json\/wp\/v2\/types\/product"}],"replies":[{"embeddable":true,"href":"https:\/\/emirkoleksiyon.com\/index.php\/wp-json\/wp\/v2\/comments?post=7129"}],"wp:featuredmedia":[{"embeddable":true,"href":"https:\/\/emirkoleksiyon.com\/index.php\/wp-json\/wp\/v2\/media\/7128"}],"wp:attachment":[{"href":"https:\/\/emirkoleksiyon.com\/index.php\/wp-json\/wp\/v2\/media?parent=7129"}],"wp:term":[{"taxonomy":"product_brand","embeddable":true,"href":"https:\/\/emirkoleksiyon.com\/index.php\/wp-json\/wp\/v2\/product_brand?post=7129"},{"taxonomy":"product_cat","embeddable":true,"href":"https:\/\/emirkoleksiyon.com\/index.php\/wp-json\/wp\/v2\/product_cat?post=7129"},{"taxonomy":"product_tag","embeddable":true,"href":"https:\/\/emirkoleksiyon.com\/index.php\/wp-json\/wp\/v2\/product_tag?post=7129"}],"curies":[{"name":"wp","href":"https:\/\/api.w.org\/{rel}","templated":true}]}}