{"id":7051,"date":"2026-03-16T23:18:28","date_gmt":"2026-03-16T20:18:28","guid":{"rendered":"https:\/\/emirkoleksiyon.com\/index.php\/urun\/curacao-en-sint-maarten-2025-yili-20-gulden-yabanci-kagit-para-cil-unc-koleksiyon-para\/"},"modified":"2026-03-16T23:18:28","modified_gmt":"2026-03-16T20:18:28","slug":"curacao-en-sint-maarten-2025-yili-20-gulden-yabanci-kagit-para-cil-unc-koleksiyon-para","status":"publish","type":"product","link":"https:\/\/emirkoleksiyon.com\/index.php\/urun\/curacao-en-sint-maarten-2025-yili-20-gulden-yabanci-kagit-para-cil-unc-koleksiyon-para\/","title":{"rendered":"Cura\u00e7ao En S\u0131nt Maarten 2025 Y\u0131l\u0131 20 Gulden Yabanc\u0131 Ka\u011f\u0131t Para \u00c7il ( UNC ) Koleksiyon Para"},"content":{"rendered":"<p>Cura\u00e7ao En S\u0131nt Maarten 2025 Y\u0131l\u0131 20 Gulden Yabanc\u0131 Ka\u011f\u0131t Para \u00c7il ( UNC ) Koleksiyon Para OR\u0130J\u0130NAL \u00dcR\u00dcN KOND\u0130SYON : \u00c7\u0130L T\u00dcM \u00dcR\u00dcNLER\u0130M\u0130Z OR\u0130J\u0130NALD\u0130R.;<\/p>\n","protected":false},"excerpt":{"rendered":"<p>Cura\u00e7ao En S\u0131nt Maarten 2025 Y\u0131l\u0131 20 Gulden Yabanc\u0131 Ka\u011f\u0131t Para \u00c7il ( UNC ) Koleksiyon Para OR\u0130J\u0130NAL \u00dcR\u00dcN KOND\u0130SYON : \u00c7\u0130L T\u00dcM \u00dcR\u00dcNLER\u0130M\u0130Z OR\u0130J\u0130NALD\u0130R.;<\/p>\n","protected":false},"featured_media":7050,"comment_status":"open","ping_status":"closed","template":"","meta":[],"product_brand":[],"product_cat":[125],"product_tag":[126],"class_list":{"0":"post-7051","1":"product","2":"type-product","3":"status-publish","4":"has-post-thumbnail","6":"product_cat-konsept-hediyelik","7":"product_tag-emir-koleksiyon-coin-paper-collection","9":"first","10":"instock","11":"taxable","12":"shipping-taxable","13":"purchasable","14":"product-type-simple"},"_links":{"self":[{"href":"https:\/\/emirkoleksiyon.com\/index.php\/wp-json\/wp\/v2\/product\/7051","targetHints":{"allow":["GET"]}}],"collection":[{"href":"https:\/\/emirkoleksiyon.com\/index.php\/wp-json\/wp\/v2\/product"}],"about":[{"href":"https:\/\/emirkoleksiyon.com\/index.php\/wp-json\/wp\/v2\/types\/product"}],"replies":[{"embeddable":true,"href":"https:\/\/emirkoleksiyon.com\/index.php\/wp-json\/wp\/v2\/comments?post=7051"}],"wp:featuredmedia":[{"embeddable":true,"href":"https:\/\/emirkoleksiyon.com\/index.php\/wp-json\/wp\/v2\/media\/7050"}],"wp:attachment":[{"href":"https:\/\/emirkoleksiyon.com\/index.php\/wp-json\/wp\/v2\/media?parent=7051"}],"wp:term":[{"taxonomy":"product_brand","embeddable":true,"href":"https:\/\/emirkoleksiyon.com\/index.php\/wp-json\/wp\/v2\/product_brand?post=7051"},{"taxonomy":"product_cat","embeddable":true,"href":"https:\/\/emirkoleksiyon.com\/index.php\/wp-json\/wp\/v2\/product_cat?post=7051"},{"taxonomy":"product_tag","embeddable":true,"href":"https:\/\/emirkoleksiyon.com\/index.php\/wp-json\/wp\/v2\/product_tag?post=7051"}],"curies":[{"name":"wp","href":"https:\/\/api.w.org\/{rel}","templated":true}]}}