{"id":6923,"date":"2026-03-16T23:04:02","date_gmt":"2026-03-16T20:04:02","guid":{"rendered":"https:\/\/emirkoleksiyon.com\/index.php\/urun\/turkiye-hatira-0-euro-mete-han-kagit-htr-para-cil-unc-koleksiyon-para\/"},"modified":"2026-03-16T23:04:02","modified_gmt":"2026-03-16T20:04:02","slug":"turkiye-hatira-0-euro-mete-han-kagit-htr-para-cil-unc-koleksiyon-para","status":"publish","type":"product","link":"https:\/\/emirkoleksiyon.com\/index.php\/urun\/turkiye-hatira-0-euro-mete-han-kagit-htr-para-cil-unc-koleksiyon-para\/","title":{"rendered":"T\u00fcrkiye Hat\u0131ra 0 Euro METE HAN Ka\u011f\u0131t Htr Para \u00c7il (UNC) Koleksiyon Para"},"content":{"rendered":"<p>T\u00dcRK\u0130YE HTR 0 EURO METE HAN \u00c7il (Unc) Koleksiyon Para ; Yukar\u0131da G\u00f6r\u00fclen \u00dcr\u00fcn G\u00f6nderilecektir.; ; Seri No Farkl\u0131l\u0131k G\u00f6sterebilir.; ; T\u00fcm \u00dcr\u00fcnler Orijinaldir.; ; Koleksiyon De\u011feri Vard\u0131r.; ; \u00c7il Kondisyon (Unc) ; Di\u011fer \u00dcr\u00fcnlerimizi De \u0130nceleyiniz.; ; METE HAN Htr Para S\u0131f\u0131r 0 Euro \u0130lk olarak 2015 y\u0131l\u0131nda resmi bir Euro bask\u0131 matbaas\u0131 olan Oberthur Fiduciaire (Fransa) matbaalar\u0131nda, Avrupa Merkez Bankas\u0131 onay\u0131 ile ger\u00e7ek Euro ka\u011f\u0131d\u0131 \u00fczerine bas\u0131lan 0 Euro hat\u0131ra ve koleksiyon paralar\u0131, ger\u00e7ek Euro ile ayn\u0131 t\u00fcm g\u00fcvenlik \u00f6zelliklerine sahiptir.; Her 0 Euro, filigran, mikroprint, Simultouch, hologram, transparan kay\u0131t, g\u00fcvenlik ge\u00e7mi\u015fi, g\u00fcvenlik ipli\u011fi, floresan, g\u00f6r\u00fcnmez m\u00fcrekkep ve her paray\u0131 benzersiz yapan \u00f6zel seri numaras\u0131na sahiptir.; Bu \u00f6zellikleriyle taklitlerinden ayr\u0131l\u0131r.; 0 Euro Htr Paralar\u0131n\u0131n amac\u0131 turizmi, sporu, \u00fcnl\u00fc ki\u015fileri, tarihi fig\u00fcrleri ve etkinlikleri tan\u0131tmakt\u0131r.; 2015 y\u0131l\u0131nda Fransa&#8217;da ba\u015flayan bu macera i\u00e7in ba\u015far\u0131, turistlerden ve koleksiyonerlerden geldi.; Euro Htr Paras\u0131, d\u00fcnyada geleneksel kartpostaldan hemen sonra en \u00e7ok sat\u0131lan hediyelik e\u015fya olmu\u015ftur.; 2016 y\u0131l\u0131nda Euro Htr Paras\u0131, Almanya, Avusturya, Bel\u00e7ika, \u0130svi\u00e7re, Hollanda ve \u0130spanya&#8217;da piyasaya s\u00fcr\u00fcld\u00fc.; 2019 y\u0131l\u0131 ise T\u00fcrkiye&#8217;nin bu etkileyici koleksiyona girme y\u0131l\u0131 oldu.;<\/p>\n","protected":false},"excerpt":{"rendered":"<p>T\u00dcRK\u0130YE HTR 0 EURO METE HAN \u00c7il (Unc) Koleksiyon Para ; Yukar\u0131da G\u00f6r\u00fclen \u00dcr\u00fcn G\u00f6nderilecektir.; ; Seri No Farkl\u0131l\u0131k G\u00f6sterebilir.; ; T\u00fcm \u00dcr\u00fcnler Orijinaldir.; ; Koleksiyon De\u011feri Vard\u0131r.; ; \u00c7il Kondisyon (Unc) ; Di\u011fer \u00dcr\u00fcnlerimizi De \u0130nceleyiniz.; ; METE HAN Htr Para S\u0131f\u0131r 0 Euro \u0130lk olarak 2015 y\u0131l\u0131nda resmi bir Euro bask\u0131 matbaas\u0131 olan [&hellip;]<\/p>\n","protected":false},"featured_media":6922,"comment_status":"open","ping_status":"closed","template":"","meta":[],"product_brand":[],"product_cat":[125],"product_tag":[126],"class_list":{"0":"post-6923","1":"product","2":"type-product","3":"status-publish","4":"has-post-thumbnail","6":"product_cat-konsept-hediyelik","7":"product_tag-emir-koleksiyon-coin-paper-collection","9":"first","10":"instock","11":"taxable","12":"shipping-taxable","13":"purchasable","14":"product-type-simple"},"_links":{"self":[{"href":"https:\/\/emirkoleksiyon.com\/index.php\/wp-json\/wp\/v2\/product\/6923","targetHints":{"allow":["GET"]}}],"collection":[{"href":"https:\/\/emirkoleksiyon.com\/index.php\/wp-json\/wp\/v2\/product"}],"about":[{"href":"https:\/\/emirkoleksiyon.com\/index.php\/wp-json\/wp\/v2\/types\/product"}],"replies":[{"embeddable":true,"href":"https:\/\/emirkoleksiyon.com\/index.php\/wp-json\/wp\/v2\/comments?post=6923"}],"wp:featuredmedia":[{"embeddable":true,"href":"https:\/\/emirkoleksiyon.com\/index.php\/wp-json\/wp\/v2\/media\/6922"}],"wp:attachment":[{"href":"https:\/\/emirkoleksiyon.com\/index.php\/wp-json\/wp\/v2\/media?parent=6923"}],"wp:term":[{"taxonomy":"product_brand","embeddable":true,"href":"https:\/\/emirkoleksiyon.com\/index.php\/wp-json\/wp\/v2\/product_brand?post=6923"},{"taxonomy":"product_cat","embeddable":true,"href":"https:\/\/emirkoleksiyon.com\/index.php\/wp-json\/wp\/v2\/product_cat?post=6923"},{"taxonomy":"product_tag","embeddable":true,"href":"https:\/\/emirkoleksiyon.com\/index.php\/wp-json\/wp\/v2\/product_tag?post=6923"}],"curies":[{"name":"wp","href":"https:\/\/api.w.org\/{rel}","templated":true}]}}