{"id":6754,"date":"2026-03-16T22:47:02","date_gmt":"2026-03-16T19:47:02","guid":{"rendered":"https:\/\/emirkoleksiyon.com\/index.php\/urun\/kanada-1999-yili-mayis-1999-gezginler-hatira-25-cent-koleksiyon-para\/"},"modified":"2026-03-16T22:47:02","modified_gmt":"2026-03-16T19:47:02","slug":"kanada-1999-yili-mayis-1999-gezginler-hatira-25-cent-koleksiyon-para","status":"publish","type":"product","link":"https:\/\/emirkoleksiyon.com\/index.php\/urun\/kanada-1999-yili-mayis-1999-gezginler-hatira-25-cent-koleksiyon-para\/","title":{"rendered":"Kanada 1999 Y\u0131l\u0131 May\u0131s 1999 Gezginler Hat\u0131ra 25 Cent Koleksiyon Para"},"content":{"rendered":"<p>Kanada 1999 Y\u0131l\u0131 May\u0131s \u2013 \u201cGezginler\u201d Temal\u0131 25 Cent May\u0131s 1999 tarihli bu 25 Cent, Kanada\u2019n\u0131n ke\u015fif ruhunu ve tarih boyunca yolculuk yapan topluluklar\u0131n\u0131 konu alan tematik bir tasar\u0131ma sahiptir.; Hareket ve ke\u015fif temas\u0131n\u0131 yans\u0131tan g\u00f6rsel diliyle seride \u00f6zel bir yere sahiptir.; Tematik ve hik\u00e2ye odakl\u0131 Kanada par\u00e7alar\u0131 aras\u0131nda yer alan bu \u00fcr\u00fcn, koleksiyonlara karakter katan bir se\u00e7imdir.<\/p>\n","protected":false},"excerpt":{"rendered":"<p>Kanada 1999 Y\u0131l\u0131 May\u0131s \u2013 \u201cGezginler\u201d Temal\u0131 25 Cent May\u0131s 1999 tarihli bu 25 Cent, Kanada\u2019n\u0131n ke\u015fif ruhunu ve tarih boyunca yolculuk yapan topluluklar\u0131n\u0131 konu alan tematik bir tasar\u0131ma sahiptir.; Hareket ve ke\u015fif temas\u0131n\u0131 yans\u0131tan g\u00f6rsel diliyle seride \u00f6zel bir yere sahiptir.; Tematik ve hik\u00e2ye odakl\u0131 Kanada par\u00e7alar\u0131 aras\u0131nda yer alan bu \u00fcr\u00fcn, koleksiyonlara karakter [&hellip;]<\/p>\n","protected":false},"featured_media":6753,"comment_status":"open","ping_status":"closed","template":"","meta":[],"product_brand":[],"product_cat":[125],"product_tag":[126],"class_list":{"0":"post-6754","1":"product","2":"type-product","3":"status-publish","4":"has-post-thumbnail","6":"product_cat-konsept-hediyelik","7":"product_tag-emir-koleksiyon-coin-paper-collection","9":"first","10":"instock","11":"taxable","12":"shipping-taxable","13":"purchasable","14":"product-type-simple"},"_links":{"self":[{"href":"https:\/\/emirkoleksiyon.com\/index.php\/wp-json\/wp\/v2\/product\/6754","targetHints":{"allow":["GET"]}}],"collection":[{"href":"https:\/\/emirkoleksiyon.com\/index.php\/wp-json\/wp\/v2\/product"}],"about":[{"href":"https:\/\/emirkoleksiyon.com\/index.php\/wp-json\/wp\/v2\/types\/product"}],"replies":[{"embeddable":true,"href":"https:\/\/emirkoleksiyon.com\/index.php\/wp-json\/wp\/v2\/comments?post=6754"}],"wp:featuredmedia":[{"embeddable":true,"href":"https:\/\/emirkoleksiyon.com\/index.php\/wp-json\/wp\/v2\/media\/6753"}],"wp:attachment":[{"href":"https:\/\/emirkoleksiyon.com\/index.php\/wp-json\/wp\/v2\/media?parent=6754"}],"wp:term":[{"taxonomy":"product_brand","embeddable":true,"href":"https:\/\/emirkoleksiyon.com\/index.php\/wp-json\/wp\/v2\/product_brand?post=6754"},{"taxonomy":"product_cat","embeddable":true,"href":"https:\/\/emirkoleksiyon.com\/index.php\/wp-json\/wp\/v2\/product_cat?post=6754"},{"taxonomy":"product_tag","embeddable":true,"href":"https:\/\/emirkoleksiyon.com\/index.php\/wp-json\/wp\/v2\/product_tag?post=6754"}],"curies":[{"name":"wp","href":"https:\/\/api.w.org\/{rel}","templated":true}]}}