{"id":6732,"date":"2026-03-16T22:45:05","date_gmt":"2026-03-16T19:45:05","guid":{"rendered":"https:\/\/emirkoleksiyon.com\/index.php\/urun\/kanada-2011-yili-efsanevi-doga-orman-bizonu-25-cent-koleksiyon-para\/"},"modified":"2026-03-16T22:45:05","modified_gmt":"2026-03-16T19:45:05","slug":"kanada-2011-yili-efsanevi-doga-orman-bizonu-25-cent-koleksiyon-para","status":"publish","type":"product","link":"https:\/\/emirkoleksiyon.com\/index.php\/urun\/kanada-2011-yili-efsanevi-doga-orman-bizonu-25-cent-koleksiyon-para\/","title":{"rendered":"Kanada 2011 Y\u0131l\u0131 Efsanevi Do\u011fa &#8211; Orman Bizonu 25 Cent Koleksiyon Para"},"content":{"rendered":"<p>Kanada 2011 Y\u0131l\u0131 Efsanevi Do\u011fa \u2013 Orman Bizonu Temal\u0131 25 Cent Kanada\u2019n\u0131n vah\u015fi ya\u015fam\u0131na adanan bu 2011 y\u0131l\u0131 25 Cent, orman bizonu fig\u00fcr\u00fcyle do\u011fal miras\u0131 \u00f6n plana \u00e7\u0131kar\u0131r.; Do\u011fa temal\u0131 seriler aras\u0131nda g\u00fc\u00e7l\u00fc bir yere sahiptir.<\/p>\n","protected":false},"excerpt":{"rendered":"<p>Kanada 2011 Y\u0131l\u0131 Efsanevi Do\u011fa \u2013 Orman Bizonu Temal\u0131 25 Cent Kanada\u2019n\u0131n vah\u015fi ya\u015fam\u0131na adanan bu 2011 y\u0131l\u0131 25 Cent, orman bizonu fig\u00fcr\u00fcyle do\u011fal miras\u0131 \u00f6n plana \u00e7\u0131kar\u0131r.; Do\u011fa temal\u0131 seriler aras\u0131nda g\u00fc\u00e7l\u00fc bir yere sahiptir.<\/p>\n","protected":false},"featured_media":6731,"comment_status":"open","ping_status":"closed","template":"","meta":[],"product_brand":[],"product_cat":[125],"product_tag":[126],"class_list":{"0":"post-6732","1":"product","2":"type-product","3":"status-publish","4":"has-post-thumbnail","6":"product_cat-konsept-hediyelik","7":"product_tag-emir-koleksiyon-coin-paper-collection","9":"first","10":"outofstock","11":"taxable","12":"shipping-taxable","13":"purchasable","14":"product-type-simple"},"_links":{"self":[{"href":"https:\/\/emirkoleksiyon.com\/index.php\/wp-json\/wp\/v2\/product\/6732","targetHints":{"allow":["GET"]}}],"collection":[{"href":"https:\/\/emirkoleksiyon.com\/index.php\/wp-json\/wp\/v2\/product"}],"about":[{"href":"https:\/\/emirkoleksiyon.com\/index.php\/wp-json\/wp\/v2\/types\/product"}],"replies":[{"embeddable":true,"href":"https:\/\/emirkoleksiyon.com\/index.php\/wp-json\/wp\/v2\/comments?post=6732"}],"wp:featuredmedia":[{"embeddable":true,"href":"https:\/\/emirkoleksiyon.com\/index.php\/wp-json\/wp\/v2\/media\/6731"}],"wp:attachment":[{"href":"https:\/\/emirkoleksiyon.com\/index.php\/wp-json\/wp\/v2\/media?parent=6732"}],"wp:term":[{"taxonomy":"product_brand","embeddable":true,"href":"https:\/\/emirkoleksiyon.com\/index.php\/wp-json\/wp\/v2\/product_brand?post=6732"},{"taxonomy":"product_cat","embeddable":true,"href":"https:\/\/emirkoleksiyon.com\/index.php\/wp-json\/wp\/v2\/product_cat?post=6732"},{"taxonomy":"product_tag","embeddable":true,"href":"https:\/\/emirkoleksiyon.com\/index.php\/wp-json\/wp\/v2\/product_tag?post=6732"}],"curies":[{"name":"wp","href":"https:\/\/api.w.org\/{rel}","templated":true}]}}