{"id":6726,"date":"2026-03-16T22:44:30","date_gmt":"2026-03-16T19:44:30","guid":{"rendered":"https:\/\/emirkoleksiyon.com\/index.php\/urun\/kanada-2000-yili-gurur-25-cent-koleksiyon-para\/"},"modified":"2026-03-16T22:44:30","modified_gmt":"2026-03-16T19:44:30","slug":"kanada-2000-yili-gurur-25-cent-koleksiyon-para","status":"publish","type":"product","link":"https:\/\/emirkoleksiyon.com\/index.php\/urun\/kanada-2000-yili-gurur-25-cent-koleksiyon-para\/","title":{"rendered":"Kanada 2000 Y\u0131l\u0131 Gurur 25 Cent Koleksiyon Para"},"content":{"rendered":"<p>Kanada 2000 Y\u0131l\u0131 Gurur Temal\u0131 25 Cent Ulusal gurur ve kimlik vurgusu ta\u015f\u0131yan bu 25 Cent, 2000 y\u0131l\u0131 \u00f6zel temalar\u0131 aras\u0131nda yer al\u0131r.; G\u00fc\u00e7l\u00fc anlat\u0131m\u0131 sayesinde Kanada temal\u0131 koleksiyonlarda \u00f6ne \u00e7\u0131kan bir par\u00e7ad\u0131r.<\/p>\n","protected":false},"excerpt":{"rendered":"<p>Kanada 2000 Y\u0131l\u0131 Gurur Temal\u0131 25 Cent Ulusal gurur ve kimlik vurgusu ta\u015f\u0131yan bu 25 Cent, 2000 y\u0131l\u0131 \u00f6zel temalar\u0131 aras\u0131nda yer al\u0131r.; G\u00fc\u00e7l\u00fc anlat\u0131m\u0131 sayesinde Kanada temal\u0131 koleksiyonlarda \u00f6ne \u00e7\u0131kan bir par\u00e7ad\u0131r.<\/p>\n","protected":false},"featured_media":6725,"comment_status":"open","ping_status":"closed","template":"","meta":[],"product_brand":[],"product_cat":[125],"product_tag":[126],"class_list":{"0":"post-6726","1":"product","2":"type-product","3":"status-publish","4":"has-post-thumbnail","6":"product_cat-konsept-hediyelik","7":"product_tag-emir-koleksiyon-coin-paper-collection","9":"first","10":"instock","11":"taxable","12":"shipping-taxable","13":"purchasable","14":"product-type-simple"},"_links":{"self":[{"href":"https:\/\/emirkoleksiyon.com\/index.php\/wp-json\/wp\/v2\/product\/6726","targetHints":{"allow":["GET"]}}],"collection":[{"href":"https:\/\/emirkoleksiyon.com\/index.php\/wp-json\/wp\/v2\/product"}],"about":[{"href":"https:\/\/emirkoleksiyon.com\/index.php\/wp-json\/wp\/v2\/types\/product"}],"replies":[{"embeddable":true,"href":"https:\/\/emirkoleksiyon.com\/index.php\/wp-json\/wp\/v2\/comments?post=6726"}],"wp:featuredmedia":[{"embeddable":true,"href":"https:\/\/emirkoleksiyon.com\/index.php\/wp-json\/wp\/v2\/media\/6725"}],"wp:attachment":[{"href":"https:\/\/emirkoleksiyon.com\/index.php\/wp-json\/wp\/v2\/media?parent=6726"}],"wp:term":[{"taxonomy":"product_brand","embeddable":true,"href":"https:\/\/emirkoleksiyon.com\/index.php\/wp-json\/wp\/v2\/product_brand?post=6726"},{"taxonomy":"product_cat","embeddable":true,"href":"https:\/\/emirkoleksiyon.com\/index.php\/wp-json\/wp\/v2\/product_cat?post=6726"},{"taxonomy":"product_tag","embeddable":true,"href":"https:\/\/emirkoleksiyon.com\/index.php\/wp-json\/wp\/v2\/product_tag?post=6726"}],"curies":[{"name":"wp","href":"https:\/\/api.w.org\/{rel}","templated":true}]}}