{"id":6595,"date":"2026-03-16T22:32:21","date_gmt":"2026-03-16T19:32:21","guid":{"rendered":"https:\/\/emirkoleksiyon.com\/index.php\/urun\/kolombiya-1979-yili-5-pesos-kagit-para-cil-unc-koleksiyon-para-az-cikar\/"},"modified":"2026-03-16T22:32:21","modified_gmt":"2026-03-16T19:32:21","slug":"kolombiya-1979-yili-5-pesos-kagit-para-cil-unc-koleksiyon-para-az-cikar","status":"publish","type":"product","link":"https:\/\/emirkoleksiyon.com\/index.php\/urun\/kolombiya-1979-yili-5-pesos-kagit-para-cil-unc-koleksiyon-para-az-cikar\/","title":{"rendered":"Kolombiya 1979 Y\u0131l\u0131 5 Pesos Ka\u011f\u0131t Para \u00c7il (Unc) Koleksiyon Para Az \u00c7\u0131kar"},"content":{"rendered":"","protected":false},"excerpt":{"rendered":"","protected":false},"featured_media":6594,"comment_status":"open","ping_status":"closed","template":"","meta":[],"product_brand":[],"product_cat":[125],"product_tag":[126],"class_list":{"0":"post-6595","1":"product","2":"type-product","3":"status-publish","4":"has-post-thumbnail","6":"product_cat-konsept-hediyelik","7":"product_tag-emir-koleksiyon-coin-paper-collection","9":"first","10":"instock","11":"taxable","12":"shipping-taxable","13":"purchasable","14":"product-type-simple"},"_links":{"self":[{"href":"https:\/\/emirkoleksiyon.com\/index.php\/wp-json\/wp\/v2\/product\/6595","targetHints":{"allow":["GET"]}}],"collection":[{"href":"https:\/\/emirkoleksiyon.com\/index.php\/wp-json\/wp\/v2\/product"}],"about":[{"href":"https:\/\/emirkoleksiyon.com\/index.php\/wp-json\/wp\/v2\/types\/product"}],"replies":[{"embeddable":true,"href":"https:\/\/emirkoleksiyon.com\/index.php\/wp-json\/wp\/v2\/comments?post=6595"}],"wp:featuredmedia":[{"embeddable":true,"href":"https:\/\/emirkoleksiyon.com\/index.php\/wp-json\/wp\/v2\/media\/6594"}],"wp:attachment":[{"href":"https:\/\/emirkoleksiyon.com\/index.php\/wp-json\/wp\/v2\/media?parent=6595"}],"wp:term":[{"taxonomy":"product_brand","embeddable":true,"href":"https:\/\/emirkoleksiyon.com\/index.php\/wp-json\/wp\/v2\/product_brand?post=6595"},{"taxonomy":"product_cat","embeddable":true,"href":"https:\/\/emirkoleksiyon.com\/index.php\/wp-json\/wp\/v2\/product_cat?post=6595"},{"taxonomy":"product_tag","embeddable":true,"href":"https:\/\/emirkoleksiyon.com\/index.php\/wp-json\/wp\/v2\/product_tag?post=6595"}],"curies":[{"name":"wp","href":"https:\/\/api.w.org\/{rel}","templated":true}]}}