{"id":6437,"date":"2026-03-16T22:14:16","date_gmt":"2026-03-16T19:14:16","guid":{"rendered":"https:\/\/emirkoleksiyon.com\/index.php\/urun\/pokemon-heat-wave-arena-orijinal-korean-1-paket-5-kart-icerir-lisansli\/"},"modified":"2026-03-16T22:14:16","modified_gmt":"2026-03-16T19:14:16","slug":"pokemon-heat-wave-arena-orijinal-korean-1-paket-5-kart-icerir-lisansli","status":"publish","type":"product","link":"https:\/\/emirkoleksiyon.com\/index.php\/urun\/pokemon-heat-wave-arena-orijinal-korean-1-paket-5-kart-icerir-lisansli\/","title":{"rendered":"Pokemon &#8211; Heat Wave Arena Orijinal (Korean) 1 Paket 5 Kart \u0130\u00e7erir Lisansl\u0131"},"content":{"rendered":"","protected":false},"excerpt":{"rendered":"","protected":false},"featured_media":6436,"comment_status":"open","ping_status":"closed","template":"","meta":[],"product_brand":[],"product_cat":[127],"product_tag":[128],"class_list":{"0":"post-6437","1":"product","2":"type-product","3":"status-publish","4":"has-post-thumbnail","6":"product_cat-oyun-kartlari","7":"product_tag-pokemon-company","9":"first","10":"instock","11":"taxable","12":"shipping-taxable","13":"purchasable","14":"product-type-simple"},"_links":{"self":[{"href":"https:\/\/emirkoleksiyon.com\/index.php\/wp-json\/wp\/v2\/product\/6437","targetHints":{"allow":["GET"]}}],"collection":[{"href":"https:\/\/emirkoleksiyon.com\/index.php\/wp-json\/wp\/v2\/product"}],"about":[{"href":"https:\/\/emirkoleksiyon.com\/index.php\/wp-json\/wp\/v2\/types\/product"}],"replies":[{"embeddable":true,"href":"https:\/\/emirkoleksiyon.com\/index.php\/wp-json\/wp\/v2\/comments?post=6437"}],"wp:featuredmedia":[{"embeddable":true,"href":"https:\/\/emirkoleksiyon.com\/index.php\/wp-json\/wp\/v2\/media\/6436"}],"wp:attachment":[{"href":"https:\/\/emirkoleksiyon.com\/index.php\/wp-json\/wp\/v2\/media?parent=6437"}],"wp:term":[{"taxonomy":"product_brand","embeddable":true,"href":"https:\/\/emirkoleksiyon.com\/index.php\/wp-json\/wp\/v2\/product_brand?post=6437"},{"taxonomy":"product_cat","embeddable":true,"href":"https:\/\/emirkoleksiyon.com\/index.php\/wp-json\/wp\/v2\/product_cat?post=6437"},{"taxonomy":"product_tag","embeddable":true,"href":"https:\/\/emirkoleksiyon.com\/index.php\/wp-json\/wp\/v2\/product_tag?post=6437"}],"curies":[{"name":"wp","href":"https:\/\/api.w.org\/{rel}","templated":true}]}}