{"id":6241,"date":"2026-03-13T01:29:28","date_gmt":"2026-03-12T22:29:28","guid":{"rendered":"https:\/\/emirkoleksiyon.com\/?post_type=product&#038;p=6241"},"modified":"2026-03-17T20:54:12","modified_gmt":"2026-03-17T17:54:12","slug":"suriye-2025-yili-yeni-baski-10-pound-kagit-para-cil-unc-koleksiyon-para","status":"publish","type":"product","link":"https:\/\/emirkoleksiyon.com\/index.php\/urun\/suriye-2025-yili-yeni-baski-10-pound-kagit-para-cil-unc-koleksiyon-para\/","title":{"rendered":"Suriye 2025 Y\u0131l\u0131 Yeni Bask\u0131 10 Pound Ka\u011f\u0131t Para \u00c7il ( Unc ) Koleksiyon Para"},"content":{"rendered":"<p data-start=\"107\" data-end=\"381\"><span class=\"BZ_Pyq_fadeIn\">2025 <\/span><span class=\"BZ_Pyq_fadeIn\">y\u0131l\u0131nda <\/span><span class=\"BZ_Pyq_fadeIn\">bas\u0131lan <\/span><strong data-start=\"128\" data-end=\"147\"><span class=\"BZ_Pyq_fadeIn\">Suriye <\/span><span class=\"BZ_Pyq_fadeIn\">10 <\/span><span class=\"BZ_Pyq_fadeIn\">Pound<\/span><\/strong><span class=\"BZ_Pyq_fadeIn\">, <\/span><span class=\"BZ_Pyq_fadeIn\">koleksiyon <\/span><span class=\"BZ_Pyq_fadeIn\">merakl\u0131lar\u0131 <\/span><span class=\"BZ_Pyq_fadeIn\">i\u00e7in <\/span><span class=\"BZ_Pyq_fadeIn\">dikkat <\/span><span class=\"BZ_Pyq_fadeIn\">\u00e7eken <\/span><span class=\"BZ_Pyq_fadeIn\">yeni <\/span><span class=\"BZ_Pyq_fadeIn\">bask\u0131 <\/span><span class=\"BZ_Pyq_fadeIn\">serilerden <\/span><span class=\"BZ_Pyq_fadeIn\">biridir. <\/span><span class=\"BZ_Pyq_fadeIn\">Orta <\/span><span class=\"BZ_Pyq_fadeIn\">Do\u011fu <\/span><span class=\"BZ_Pyq_fadeIn\">para <\/span><span class=\"BZ_Pyq_fadeIn\">koleksiyonlar\u0131nda <\/span><span class=\"BZ_Pyq_fadeIn\">yer <\/span><span class=\"BZ_Pyq_fadeIn\">alan <\/span><span class=\"BZ_Pyq_fadeIn\">bu <\/span><span class=\"BZ_Pyq_fadeIn\">par\u00e7a; <\/span><span class=\"BZ_Pyq_fadeIn\">modern <\/span><span class=\"BZ_Pyq_fadeIn\">tasar\u0131m\u0131, <\/span><span class=\"BZ_Pyq_fadeIn\">temiz <\/span><span class=\"BZ_Pyq_fadeIn\">kondisyonu <\/span><span class=\"BZ_Pyq_fadeIn\">ve <\/span><span class=\"BZ_Pyq_fadeIn\">yeni <\/span><span class=\"BZ_Pyq_fadeIn\">seri <\/span><span class=\"BZ_Pyq_fadeIn\">olmas\u0131 <\/span><span class=\"BZ_Pyq_fadeIn\">nedeniyle <\/span><span class=\"BZ_Pyq_fadeIn\">koleksiyoncular <\/span><span class=\"BZ_Pyq_fadeIn\">taraf\u0131ndan <\/span><span class=\"BZ_Pyq_fadeIn\">ilgi <\/span><span class=\"BZ_Pyq_fadeIn\">g\u00f6rmektedir.<\/span><\/p>\n<h3 data-section-id=\"1ci69sz\" data-start=\"383\" data-end=\"403\"><span class=\"BZ_Pyq_fadeIn\">\u00dcr\u00fcn <\/span><span class=\"BZ_Pyq_fadeIn\">\u00d6zellikleri<\/span><\/h3>\n<ul data-start=\"404\" data-end=\"615\">\n<li data-section-id=\"1iclrox\" data-start=\"404\" data-end=\"455\">\n<p data-start=\"406\" data-end=\"455\"><strong data-start=\"406\" data-end=\"415\"><span class=\"BZ_Pyq_fadeIn\">\u00dclke:<\/span><\/strong> <span class=\"hover:entity-accent entity-underline inline cursor-pointer align-baseline\"><span class=\"whitespace-normal\">Suriye<\/span><\/span><\/p>\n<\/li>\n<li data-section-id=\"hr15hv\" data-start=\"456\" data-end=\"473\">\n<p data-start=\"458\" data-end=\"473\"><strong data-start=\"458\" data-end=\"466\"><span class=\"BZ_Pyq_fadeIn\">Y\u0131l:<\/span><\/strong> <span class=\"BZ_Pyq_fadeIn\">2025<\/span><\/p>\n<\/li>\n<li data-section-id=\"1fdn1fg\" data-start=\"474\" data-end=\"505\">\n<p data-start=\"476\" data-end=\"505\"><strong data-start=\"476\" data-end=\"494\"><span class=\"BZ_Pyq_fadeIn\">Nominal <\/span><span class=\"BZ_Pyq_fadeIn\">De\u011fer:<\/span><\/strong> <span class=\"BZ_Pyq_fadeIn\">10 <\/span><span class=\"BZ_Pyq_fadeIn\">Pound<\/span><\/p>\n<\/li>\n<li data-section-id=\"1ivkq36\" data-start=\"506\" data-end=\"530\">\n<p data-start=\"508\" data-end=\"530\"><strong data-start=\"508\" data-end=\"518\"><span class=\"BZ_Pyq_fadeIn\">Durum:<\/span><\/strong> <span class=\"BZ_Pyq_fadeIn\">\u00c7il (<\/span><span class=\"BZ_Pyq_fadeIn\">UNC)<\/span><\/p>\n<\/li>\n<li data-section-id=\"9k3mlf\" data-start=\"531\" data-end=\"560\">\n<p data-start=\"533\" data-end=\"560\"><strong data-start=\"533\" data-end=\"542\"><span class=\"BZ_Pyq_fadeIn\">Seri:<\/span><\/strong> <span class=\"BZ_Pyq_fadeIn\">Yeni <\/span><span class=\"BZ_Pyq_fadeIn\">bask\u0131 <\/span><span class=\"BZ_Pyq_fadeIn\">seri<\/span><\/p>\n<\/li>\n<li data-section-id=\"1byqgjj\" data-start=\"561\" data-end=\"615\">\n<p data-start=\"563\" data-end=\"615\"><strong data-start=\"563\" data-end=\"576\"><span class=\"BZ_Pyq_fadeIn\">Kullan\u0131m:<\/span><\/strong> <span class=\"BZ_Pyq_fadeIn\">Koleksiyon <\/span><span class=\"BZ_Pyq_fadeIn\">ama\u00e7l\u0131 <\/span><span class=\"BZ_Pyq_fadeIn\">saklamaya <\/span><span class=\"BZ_Pyq_fadeIn\">uygundur<\/span><\/p>\n<\/li>\n<\/ul>\n<h3 data-section-id=\"8weapg\" data-start=\"617\" data-end=\"640\"><span class=\"BZ_Pyq_fadeIn\">Koleksiyon <\/span><span class=\"BZ_Pyq_fadeIn\">Avantaj\u0131<\/span><\/h3>\n<p data-start=\"641\" data-end=\"919\"><span class=\"BZ_Pyq_fadeIn\">Yeni <\/span><span class=\"BZ_Pyq_fadeIn\">bas\u0131m <\/span><span class=\"BZ_Pyq_fadeIn\">serileri, <\/span><span class=\"BZ_Pyq_fadeIn\">\u00f6zellikle <\/span><span class=\"BZ_Pyq_fadeIn\">ilerleyen <\/span><span class=\"BZ_Pyq_fadeIn\">y\u0131llarda <\/span><strong data-start=\"691\" data-end=\"730\"><span class=\"BZ_Pyq_fadeIn\">koleksiyon <\/span><span class=\"BZ_Pyq_fadeIn\">de\u011feri <\/span><span class=\"BZ_Pyq_fadeIn\">artma <\/span><span class=\"BZ_Pyq_fadeIn\">potansiyeli<\/span><\/strong> <span class=\"BZ_Pyq_fadeIn\">ta\u015f\u0131d\u0131\u011f\u0131 <\/span><span class=\"BZ_Pyq_fadeIn\">i\u00e7in <\/span><span class=\"BZ_Pyq_fadeIn\">numismatik <\/span><span class=\"BZ_Pyq_fadeIn\">merakl\u0131lar\u0131 <\/span><span class=\"BZ_Pyq_fadeIn\">taraf\u0131ndan <\/span><span class=\"BZ_Pyq_fadeIn\">tercih <\/span><span class=\"BZ_Pyq_fadeIn\">edilmektedir. <\/span><span class=\"BZ_Pyq_fadeIn\">Suriye <\/span><span class=\"BZ_Pyq_fadeIn\">para <\/span><span class=\"BZ_Pyq_fadeIn\">serilerinin <\/span><span class=\"BZ_Pyq_fadeIn\">farkl\u0131 <\/span><span class=\"BZ_Pyq_fadeIn\">y\u0131llar\u0131n\u0131 <\/span><span class=\"BZ_Pyq_fadeIn\">biriktiren <\/span><span class=\"BZ_Pyq_fadeIn\">koleksiyoncular <\/span><span class=\"BZ_Pyq_fadeIn\">i\u00e7in <\/span><span class=\"BZ_Pyq_fadeIn\">bu <\/span><span class=\"BZ_Pyq_fadeIn\">par\u00e7a <\/span><span class=\"BZ_Pyq_fadeIn\">koleksiyonu <\/span><span class=\"BZ_Pyq_fadeIn\">tamamlay\u0131c\u0131 <\/span><span class=\"BZ_Pyq_fadeIn\">niteliktedir.<\/span><\/p>\n<p data-start=\"921\" data-end=\"1020\"><span class=\"BZ_Pyq_fadeIn\">\u2714 <\/span><span class=\"BZ_Pyq_fadeIn\">Koleksiyonluk <\/span><span class=\"BZ_Pyq_fadeIn\">temiz <\/span><span class=\"BZ_Pyq_fadeIn\">kondisyon<\/span><br data-start=\"952\" data-end=\"955\" \/><span class=\"BZ_Pyq_fadeIn\">\u2714 <\/span><span class=\"BZ_Pyq_fadeIn\">Yeni <\/span><span class=\"BZ_Pyq_fadeIn\">bask\u0131 <\/span><span class=\"BZ_Pyq_fadeIn\">seri<\/span><br data-start=\"972\" data-end=\"975\" \/><span class=\"BZ_Pyq_fadeIn\">\u2714 <\/span><span class=\"BZ_Pyq_fadeIn\">Alb\u00fcm <\/span><span class=\"BZ_Pyq_fadeIn\">ve <\/span><span class=\"BZ_Pyq_fadeIn\">koleksiyon <\/span><span class=\"BZ_Pyq_fadeIn\">klas\u00f6rleri <\/span><span class=\"BZ_Pyq_fadeIn\">i\u00e7in <\/span><span class=\"BZ_Pyq_fadeIn\">uygun<\/span><\/p>\n","protected":false},"excerpt":{"rendered":"<p>2025 y\u0131l\u0131nda bas\u0131lan Suriye 10 Pound, koleksiyon merakl\u0131lar\u0131 i\u00e7in dikkat \u00e7eken yeni bask\u0131 serilerden biridir. Orta Do\u011fu para koleksiyonlar\u0131nda yer alan bu par\u00e7a; modern tasar\u0131m\u0131, temiz kondisyonu ve yeni seri olmas\u0131 nedeniyle koleksiyoncular taraf\u0131ndan ilgi g\u00f6rmektedir. \u00dcr\u00fcn \u00d6zellikleri \u00dclke: Suriye Y\u0131l: 2025 Nominal De\u011fer: 10 Pound Durum: \u00c7il (UNC) Seri: Yeni bask\u0131 seri Kullan\u0131m: Koleksiyon [&hellip;]<\/p>\n","protected":false},"featured_media":6242,"comment_status":"open","ping_status":"closed","template":"","meta":[],"product_brand":[],"product_cat":[64],"product_tag":[],"class_list":{"0":"post-6241","1":"product","2":"type-product","3":"status-publish","4":"has-post-thumbnail","6":"product_cat-asya","8":"first","9":"instock","10":"taxable","11":"shipping-taxable","12":"purchasable","13":"product-type-simple"},"_links":{"self":[{"href":"https:\/\/emirkoleksiyon.com\/index.php\/wp-json\/wp\/v2\/product\/6241","targetHints":{"allow":["GET"]}}],"collection":[{"href":"https:\/\/emirkoleksiyon.com\/index.php\/wp-json\/wp\/v2\/product"}],"about":[{"href":"https:\/\/emirkoleksiyon.com\/index.php\/wp-json\/wp\/v2\/types\/product"}],"replies":[{"embeddable":true,"href":"https:\/\/emirkoleksiyon.com\/index.php\/wp-json\/wp\/v2\/comments?post=6241"}],"wp:featuredmedia":[{"embeddable":true,"href":"https:\/\/emirkoleksiyon.com\/index.php\/wp-json\/wp\/v2\/media\/6242"}],"wp:attachment":[{"href":"https:\/\/emirkoleksiyon.com\/index.php\/wp-json\/wp\/v2\/media?parent=6241"}],"wp:term":[{"taxonomy":"product_brand","embeddable":true,"href":"https:\/\/emirkoleksiyon.com\/index.php\/wp-json\/wp\/v2\/product_brand?post=6241"},{"taxonomy":"product_cat","embeddable":true,"href":"https:\/\/emirkoleksiyon.com\/index.php\/wp-json\/wp\/v2\/product_cat?post=6241"},{"taxonomy":"product_tag","embeddable":true,"href":"https:\/\/emirkoleksiyon.com\/index.php\/wp-json\/wp\/v2\/product_tag?post=6241"}],"curies":[{"name":"wp","href":"https:\/\/api.w.org\/{rel}","templated":true}]}}