{"id":8,"date":"2026-03-12T03:43:51","date_gmt":"2026-03-12T00:43:51","guid":{"rendered":"https:\/\/emirkoleksiyon.com\/index.php\/sepet\/"},"modified":"2026-03-17T20:01:57","modified_gmt":"2026-03-17T17:01:57","slug":"sepet","status":"publish","type":"page","link":"https:\/\/emirkoleksiyon.com\/index.php\/sepet\/","title":{"rendered":"Sepet"},"content":{"rendered":"\n<div data-block-name=\"woocommerce\/cart\" class=\"wp-block-woocommerce-cart alignwide is-loading\">\n<div data-block-name=\"woocommerce\/filled-cart-block\" class=\"wp-block-woocommerce-filled-cart-block\">\n<div data-block-name=\"woocommerce\/cart-items-block\" class=\"wp-block-woocommerce-cart-items-block\">\n<div data-block-name=\"woocommerce\/cart-line-items-block\" class=\"wp-block-woocommerce-cart-line-items-block\"><\/div>\n\n\n<\/div>\n\n\n\n<div data-block-name=\"woocommerce\/cart-totals-block\" class=\"wp-block-woocommerce-cart-totals-block\">\n<div data-block-name=\"woocommerce\/cart-order-summary-block\" class=\"wp-block-woocommerce-cart-order-summary-block\">\n<div data-block-name=\"woocommerce\/cart-order-summary-heading-block\" data-content=\"Sepet toplamlar\u0131\" class=\"wp-block-woocommerce-cart-order-summary-heading-block\"><\/div>\n\n\n\n<div data-block-name=\"woocommerce\/cart-order-summary-coupon-form-block\" class=\"wp-block-woocommerce-cart-order-summary-coupon-form-block\"><\/div>\n\n\n\n<div data-block-name=\"woocommerce\/cart-order-summary-totals-block\" class=\"wp-block-woocommerce-cart-order-summary-totals-block\">\n<div data-block-name=\"woocommerce\/cart-order-summary-subtotal-block\" class=\"wp-block-woocommerce-cart-order-summary-subtotal-block\"><\/div>\n\n\n\n<div data-block-name=\"woocommerce\/cart-order-summary-fee-block\" class=\"wp-block-woocommerce-cart-order-summary-fee-block\"><\/div>\n\n\n\n<div data-block-name=\"woocommerce\/cart-order-summary-discount-block\" class=\"wp-block-woocommerce-cart-order-summary-discount-block\"><\/div>\n\n\n\n<div data-block-name=\"woocommerce\/cart-order-summary-shipping-block\" class=\"wp-block-woocommerce-cart-order-summary-shipping-block\"><\/div>\n\n\n\n<div data-block-name=\"woocommerce\/cart-order-summary-taxes-block\" class=\"wp-block-woocommerce-cart-order-summary-taxes-block\"><\/div>\n<\/div>\n<\/div>\n\n\n\n<div data-block-name=\"woocommerce\/cart-express-payment-block\" class=\"wp-block-woocommerce-cart-express-payment-block\"><\/div>\n\n\n\n<div data-block-name=\"woocommerce\/proceed-to-checkout-block\" class=\"wp-block-woocommerce-proceed-to-checkout-block\"><\/div>\n\n\n\n<div data-block-name=\"woocommerce\/cart-accepted-payment-methods-block\" class=\"wp-block-woocommerce-cart-accepted-payment-methods-block\"><\/div>\n<\/div>\n<\/div>\n\n\n\n<div data-block-name=\"woocommerce\/empty-cart-block\" class=\"wp-block-woocommerce-empty-cart-block\">\n<h2 class=\"wp-block-heading has-text-align-center with-empty-cart-icon wc-block-cart__empty-cart__title\">Sepetiniz \u015fu anda bo\u015f!<\/h2>\n\n\n\n<hr class=\"wp-block-separator has-alpha-channel-opacity is-style-dots\"\/>\n\n\n\n<h2 class=\"wp-block-heading has-text-align-center\">Ma\u011fazada yeni<\/h2>\n\n\n<div data-block-name=\"woocommerce\/product-new\" data-columns=\"4\" data-rows=\"1\" class=\"wc-block-grid wp-block-product-new wp-block-woocommerce-product-new wc-block-product-new has-4-columns\"><ul class=\"wc-block-grid__products\"><li class=\"wc-block-grid__product\">\r\n\t\t\t\t\t<a href=\"https:\/\/emirkoleksiyon.com\/index.php\/urun\/jersey-1966-yili-1-12-shillings-yabanci-madeni-para-cil-unc-koleksiyon-para-kopya\/\" class=\"wc-block-grid__product-link\">\r\n\t\t\t\t\t\t\r\n\t\t\t\t\t\t<div class=\"wc-block-grid__product-image\"><img fetchpriority=\"high\" decoding=\"async\" width=\"400\" height=\"600\" src=\"https:\/\/emirkoleksiyon.com\/wp-content\/uploads\/2026\/03\/1_org_zoom-1092-400x600.jpg\" class=\"attachment-woocommerce_thumbnail size-woocommerce_thumbnail\" alt=\"Jersey 1966 Y\u0131l\u0131 1\/12 Shillings Yabanc\u0131 Madeni Para \u00c7il (UNC) Koleksiyon Para (Kopya)\" srcset=\"https:\/\/emirkoleksiyon.com\/wp-content\/uploads\/2026\/03\/1_org_zoom-1092-400x600.jpg 400w, https:\/\/emirkoleksiyon.com\/wp-content\/uploads\/2026\/03\/1_org_zoom-1092-130x195.jpg 130w, https:\/\/emirkoleksiyon.com\/wp-content\/uploads\/2026\/03\/1_org_zoom-1092-500x750.jpg 500w, https:\/\/emirkoleksiyon.com\/wp-content\/uploads\/2026\/03\/1_org_zoom-1092-200x300.jpg 200w, https:\/\/emirkoleksiyon.com\/wp-content\/uploads\/2026\/03\/1_org_zoom-1092-683x1024.jpg 683w, https:\/\/emirkoleksiyon.com\/wp-content\/uploads\/2026\/03\/1_org_zoom-1092-768x1152.jpg 768w, https:\/\/emirkoleksiyon.com\/wp-content\/uploads\/2026\/03\/1_org_zoom-1092-1024x1536.jpg 1024w, https:\/\/emirkoleksiyon.com\/wp-content\/uploads\/2026\/03\/1_org_zoom-1092.jpg 1200w\" sizes=\"(max-width: 400px) 100vw, 400px\" \/><\/div>\r\n\t\t\t\t\t<\/a>\r\n\t\t\t\t\t<a href=\"https:\/\/emirkoleksiyon.com\/index.php\/urun\/jersey-1966-yili-1-12-shillings-yabanci-madeni-para-cil-unc-koleksiyon-para-kopya\/\" class=\"wc-block-grid__product-title-group\">\r\n\t\t\t\t\t\t<div class=\"wc-block-grid__product-title\">Jersey 1966 Y\u0131l\u0131 1\/12 Shillings Yabanc\u0131 Madeni Para \u00c7il (UNC) Koleksiyon Para (Kopya)<\/div>\r\n\t\t\t\t\t<\/a>\r\n\t\t\t\t\t<div class=\"wc-block-grid__product-price price\"><span class=\"woocommerce-Price-amount amount\"><span class=\"woocommerce-Price-currencySymbol\">&#8378;<\/span>124,99<\/span><\/div>\r\n\t\t\t\t\t\r\n\t\t\t\t\t<div class=\"wp-block-button wc-block-grid__product-add-to-cart\"><a href=\"\/index.php\/wp-json\/wp\/v2\/pages\/8?add-to-cart=9705\" aria-label=\"Sepete ekle: \u201cJersey 1966 Y\u0131l\u0131 1\/12 Shillings Yabanc\u0131 Madeni Para \u00c7il (UNC) Koleksiyon Para (Kopya)\u201d\" data-quantity=\"1\" data-product_id=\"9705\" data-product_sku=\"321987548-1000\" data-price=\"124.99\" rel=\"nofollow\" class=\"wp-block-button__link  add_to_cart_button ajax_add_to_cart\">Sepete Ekle<\/a><\/div>\r\n\t\t\t\t<\/li><li class=\"wc-block-grid__product\">\r\n\t\t\t\t\t<a href=\"https:\/\/emirkoleksiyon.com\/index.php\/urun\/2015-yili-col-varani-darphane-hatira-bimetal-cil-2\/\" class=\"wc-block-grid__product-link\">\r\n\t\t\t\t\t\t\r\n\t\t\t\t\t\t<div class=\"wc-block-grid__product-image\"><img decoding=\"async\" width=\"400\" height=\"600\" src=\"https:\/\/emirkoleksiyon.com\/wp-content\/uploads\/2026\/03\/1_org_zoom-1838-400x600.jpg\" class=\"attachment-woocommerce_thumbnail size-woocommerce_thumbnail\" alt=\"2015 Y\u0131l\u0131 \u00c7\u00f6l Varan\u0131 Darphane Hat\u0131ra Bimetal \u00c7il\" srcset=\"https:\/\/emirkoleksiyon.com\/wp-content\/uploads\/2026\/03\/1_org_zoom-1838-400x600.jpg 400w, https:\/\/emirkoleksiyon.com\/wp-content\/uploads\/2026\/03\/1_org_zoom-1838-130x195.jpg 130w, https:\/\/emirkoleksiyon.com\/wp-content\/uploads\/2026\/03\/1_org_zoom-1838-500x750.jpg 500w, https:\/\/emirkoleksiyon.com\/wp-content\/uploads\/2026\/03\/1_org_zoom-1838-200x300.jpg 200w, https:\/\/emirkoleksiyon.com\/wp-content\/uploads\/2026\/03\/1_org_zoom-1838-683x1024.jpg 683w, https:\/\/emirkoleksiyon.com\/wp-content\/uploads\/2026\/03\/1_org_zoom-1838-768x1152.jpg 768w, https:\/\/emirkoleksiyon.com\/wp-content\/uploads\/2026\/03\/1_org_zoom-1838-1024x1536.jpg 1024w, https:\/\/emirkoleksiyon.com\/wp-content\/uploads\/2026\/03\/1_org_zoom-1838.jpg 1200w\" sizes=\"(max-width: 400px) 100vw, 400px\" \/><\/div>\r\n\t\t\t\t\t<\/a>\r\n\t\t\t\t\t<a href=\"https:\/\/emirkoleksiyon.com\/index.php\/urun\/2015-yili-col-varani-darphane-hatira-bimetal-cil-2\/\" class=\"wc-block-grid__product-title-group\">\r\n\t\t\t\t\t\t<div class=\"wc-block-grid__product-title\">2015 Y\u0131l\u0131 \u00c7\u00f6l Varan\u0131 Darphane Hat\u0131ra Bimetal \u00c7il<\/div>\r\n\t\t\t\t\t<\/a>\r\n\t\t\t\t\t<div class=\"wc-block-grid__product-price price\"><span class=\"woocommerce-Price-amount amount\"><span class=\"woocommerce-Price-currencySymbol\">&#8378;<\/span>124,99<\/span><\/div>\r\n\t\t\t\t\t\r\n\t\t\t\t\t<div class=\"wp-block-button wc-block-grid__product-add-to-cart\"><a href=\"\/index.php\/wp-json\/wp\/v2\/pages\/8?add-to-cart=9684\" aria-label=\"Sepete ekle: \u201c2015 Y\u0131l\u0131 \u00c7\u00f6l Varan\u0131 Darphane Hat\u0131ra Bimetal \u00c7il\u201d\" data-quantity=\"1\" data-product_id=\"9684\" data-product_sku=\"321987549-75\" data-price=\"124.99\" rel=\"nofollow\" class=\"wp-block-button__link  add_to_cart_button ajax_add_to_cart\">Sepete Ekle<\/a><\/div>\r\n\t\t\t\t<\/li><li class=\"wc-block-grid__product\">\r\n\t\t\t\t\t<a href=\"https:\/\/emirkoleksiyon.com\/index.php\/urun\/yeni-new-2023-mazda-rx7-fc-pandem-ozel-seri-sifir-numara-164-olcek-hotwheels-premium-0-5\/\" class=\"wc-block-grid__product-link\">\r\n\t\t\t\t\t\t<div class=\"wc-block-grid__product-onsale\">\n\t\t\t<span aria-hidden=\"true\">\u0130ndirim<\/span>\n\t\t\t<span class=\"screen-reader-text\">\u0130ndirimdeki \u00fcr\u00fcn<\/span>\n\t\t<\/div>\r\n\t\t\t\t\t\t<div class=\"wc-block-grid__product-image\"><img decoding=\"async\" width=\"400\" height=\"600\" src=\"https:\/\/emirkoleksiyon.com\/wp-content\/uploads\/2026\/03\/1_org_zoom-1836-400x600.jpg\" class=\"attachment-woocommerce_thumbnail size-woocommerce_thumbnail\" alt=\"))) Yeni - New 2023 ((( Mazda Rx7 Fc Pandem \u00d6zel Seri S\u0131f\u0131r Numara 1:64 \u00d6l\u00e7ek Hotwheels Premium 0\/5\" srcset=\"https:\/\/emirkoleksiyon.com\/wp-content\/uploads\/2026\/03\/1_org_zoom-1836-400x600.jpg 400w, https:\/\/emirkoleksiyon.com\/wp-content\/uploads\/2026\/03\/1_org_zoom-1836-130x195.jpg 130w, https:\/\/emirkoleksiyon.com\/wp-content\/uploads\/2026\/03\/1_org_zoom-1836-500x750.jpg 500w, https:\/\/emirkoleksiyon.com\/wp-content\/uploads\/2026\/03\/1_org_zoom-1836-200x300.jpg 200w, https:\/\/emirkoleksiyon.com\/wp-content\/uploads\/2026\/03\/1_org_zoom-1836-683x1024.jpg 683w, https:\/\/emirkoleksiyon.com\/wp-content\/uploads\/2026\/03\/1_org_zoom-1836-768x1152.jpg 768w, https:\/\/emirkoleksiyon.com\/wp-content\/uploads\/2026\/03\/1_org_zoom-1836-1024x1536.jpg 1024w, https:\/\/emirkoleksiyon.com\/wp-content\/uploads\/2026\/03\/1_org_zoom-1836.jpg 1200w\" sizes=\"(max-width: 400px) 100vw, 400px\" \/><\/div>\r\n\t\t\t\t\t<\/a>\r\n\t\t\t\t\t<a href=\"https:\/\/emirkoleksiyon.com\/index.php\/urun\/yeni-new-2023-mazda-rx7-fc-pandem-ozel-seri-sifir-numara-164-olcek-hotwheels-premium-0-5\/\" class=\"wc-block-grid__product-title-group\">\r\n\t\t\t\t\t\t<div class=\"wc-block-grid__product-title\">))) Yeni &#8211; New 2023 ((( Mazda Rx7 Fc Pandem \u00d6zel Seri S\u0131f\u0131r Numara 1:64 \u00d6l\u00e7ek Hotwheels Premium 0\/5<\/div>\r\n\t\t\t\t\t<\/a>\r\n\t\t\t\t\t<div class=\"wc-block-grid__product-price price\"><del aria-hidden=\"true\"><span class=\"woocommerce-Price-amount amount\"><span class=\"woocommerce-Price-currencySymbol\">&#8378;<\/span>9.000,00<\/span><\/del> <span class=\"screen-reader-text\">Orijinal fiyat: &#8378;9.000,00.<\/span><ins aria-hidden=\"true\"><span class=\"woocommerce-Price-amount amount\"><span class=\"woocommerce-Price-currencySymbol\">&#8378;<\/span>7.999,99<\/span><\/ins><span class=\"screen-reader-text\">\u015eu andaki fiyat: &#8378;7.999,99.<\/span><\/div>\r\n\t\t\t\t\t\r\n\t\t\t\t\t<div class=\"wp-block-button wc-block-grid__product-add-to-cart\"><a href=\"\/index.php\/wp-json\/wp\/v2\/pages\/8?add-to-cart=9678\" aria-label=\"Sepete ekle: \u201c))) Yeni - New 2023 ((( Mazda Rx7 Fc Pandem \u00d6zel Seri S\u0131f\u0131r Numara 1:64 \u00d6l\u00e7ek Hotwheels Premium 0\/5\u201d\" data-quantity=\"1\" data-product_id=\"9678\" data-product_sku=\"TYBC973CM4NO89MR16\" data-price=\"7999.99\" rel=\"nofollow\" class=\"wp-block-button__link  add_to_cart_button ajax_add_to_cart\">Sepete Ekle<\/a><\/div>\r\n\t\t\t\t<\/li><li class=\"wc-block-grid__product\">\r\n\t\t\t\t\t<a href=\"https:\/\/emirkoleksiyon.com\/index.php\/urun\/2022-yili-buyuk-taarruzun-100-yili-hatira-1-turk-lirasi-ozel-folder-icinde-cil-2\/\" class=\"wc-block-grid__product-link\">\r\n\t\t\t\t\t\t\r\n\t\t\t\t\t\t<div class=\"wc-block-grid__product-image\"><img loading=\"lazy\" decoding=\"async\" width=\"400\" height=\"600\" src=\"https:\/\/emirkoleksiyon.com\/wp-content\/uploads\/2026\/03\/1_org_zoom-1835-400x600.jpg\" class=\"attachment-woocommerce_thumbnail size-woocommerce_thumbnail\" alt=\"2022 Y\u0131l\u0131 \u201cb\u00fcy\u00fck Taarruz\u2019un 100.y\u0131l\u0131\u201d Hat\u0131ra 1 T\u00fcrk Liras\u0131 \u00d6zel Folder I\u00e7inde \u00c7il\" srcset=\"https:\/\/emirkoleksiyon.com\/wp-content\/uploads\/2026\/03\/1_org_zoom-1835-400x600.jpg 400w, https:\/\/emirkoleksiyon.com\/wp-content\/uploads\/2026\/03\/1_org_zoom-1835-130x195.jpg 130w, https:\/\/emirkoleksiyon.com\/wp-content\/uploads\/2026\/03\/1_org_zoom-1835-500x750.jpg 500w, https:\/\/emirkoleksiyon.com\/wp-content\/uploads\/2026\/03\/1_org_zoom-1835-200x300.jpg 200w, https:\/\/emirkoleksiyon.com\/wp-content\/uploads\/2026\/03\/1_org_zoom-1835-683x1024.jpg 683w, https:\/\/emirkoleksiyon.com\/wp-content\/uploads\/2026\/03\/1_org_zoom-1835-768x1152.jpg 768w, https:\/\/emirkoleksiyon.com\/wp-content\/uploads\/2026\/03\/1_org_zoom-1835-1024x1536.jpg 1024w, https:\/\/emirkoleksiyon.com\/wp-content\/uploads\/2026\/03\/1_org_zoom-1835.jpg 1200w\" sizes=\"(max-width: 400px) 100vw, 400px\" \/><\/div>\r\n\t\t\t\t\t<\/a>\r\n\t\t\t\t\t<a href=\"https:\/\/emirkoleksiyon.com\/index.php\/urun\/2022-yili-buyuk-taarruzun-100-yili-hatira-1-turk-lirasi-ozel-folder-icinde-cil-2\/\" class=\"wc-block-grid__product-title-group\">\r\n\t\t\t\t\t\t<div class=\"wc-block-grid__product-title\">2022 Y\u0131l\u0131 \u201cb\u00fcy\u00fck Taarruz\u2019un 100.y\u0131l\u0131\u201d Hat\u0131ra 1 T\u00fcrk Liras\u0131 \u00d6zel Folder I\u00e7inde \u00c7il<\/div>\r\n\t\t\t\t\t<\/a>\r\n\t\t\t\t\t<div class=\"wc-block-grid__product-price price\"><span class=\"woocommerce-Price-amount amount\"><span class=\"woocommerce-Price-currencySymbol\">&#8378;<\/span>49,99<\/span><\/div>\r\n\t\t\t\t\t\r\n\t\t\t\t\t<div class=\"wp-block-button wc-block-grid__product-add-to-cart\"><a href=\"\/index.php\/wp-json\/wp\/v2\/pages\/8?add-to-cart=9673\" aria-label=\"Sepete ekle: \u201c2022 Y\u0131l\u0131 \u201cb\u00fcy\u00fck Taarruz\u2019un 100.y\u0131l\u0131\u201d Hat\u0131ra 1 T\u00fcrk Liras\u0131 \u00d6zel Folder I\u00e7inde \u00c7il\u201d\" data-quantity=\"1\" data-product_id=\"9673\" data-product_sku=\"321987548-962\" data-price=\"49.99\" rel=\"nofollow\" class=\"wp-block-button__link  add_to_cart_button ajax_add_to_cart\">Sepete Ekle<\/a><\/div>\r\n\t\t\t\t<\/li><\/ul><\/div><\/div>\n<\/div>\n","protected":false},"excerpt":{"rendered":"","protected":false},"author":1,"featured_media":0,"parent":0,"menu_order":0,"comment_status":"closed","ping_status":"closed","template":"","meta":{"footnotes":""},"class_list":["post-8","page","type-page","status-publish","hentry"],"_links":{"self":[{"href":"https:\/\/emirkoleksiyon.com\/index.php\/wp-json\/wp\/v2\/pages\/8","targetHints":{"allow":["GET"]}}],"collection":[{"href":"https:\/\/emirkoleksiyon.com\/index.php\/wp-json\/wp\/v2\/pages"}],"about":[{"href":"https:\/\/emirkoleksiyon.com\/index.php\/wp-json\/wp\/v2\/types\/page"}],"author":[{"embeddable":true,"href":"https:\/\/emirkoleksiyon.com\/index.php\/wp-json\/wp\/v2\/users\/1"}],"replies":[{"embeddable":true,"href":"https:\/\/emirkoleksiyon.com\/index.php\/wp-json\/wp\/v2\/comments?post=8"}],"version-history":[{"count":0,"href":"https:\/\/emirkoleksiyon.com\/index.php\/wp-json\/wp\/v2\/pages\/8\/revisions"}],"wp:attachment":[{"href":"https:\/\/emirkoleksiyon.com\/index.php\/wp-json\/wp\/v2\/media?parent=8"}],"curies":[{"name":"wp","href":"https:\/\/api.w.org\/{rel}","templated":true}]}}