{"id":187,"date":"2024-06-10T08:15:37","date_gmt":"2024-06-10T08:15:37","guid":{"rendered":"https:\/\/raw.githubusercontent.com\/drfuri\/demo-content\/main\/ecomus\/fashion\/images\/?page_id=187"},"modified":"2026-03-14T13:54:32","modified_gmt":"2026-03-14T10:54:32","slug":"mesafeli-satis-sozlesmesi","status":"publish","type":"page","link":"https:\/\/emirkoleksiyon.com\/index.php\/mesafeli-satis-sozlesmesi\/","title":{"rendered":"Mesafeli Sat\u0131\u015f S\u00f6zle\u015fmesi"},"content":{"rendered":"\t\t<div data-elementor-type=\"wp-page\" data-elementor-id=\"187\" class=\"elementor elementor-187\">\n\t\t\t\t<div class=\"elementor-element elementor-element-aaabcab e-flex e-con-boxed ecomus-responsive-column ecomus-tablet-column--default ecomus-responsive-column ecomus-mobile-column--default ecomus-responsive-column ecomus-motion--var(--position) e-con e-parent\" data-id=\"aaabcab\" data-element_type=\"container\" data-e-type=\"container\">\n\t\t\t\t\t<div class=\"e-con-inner\">\n\t\t<div class=\"elementor-element elementor-element-19f577fa e-con-full e-flex ecomus-responsive-column ecomus-tablet-column--default ecomus-responsive-column ecomus-mobile-column--default ecomus-responsive-column ecomus-motion--var(--position) e-con e-child\" data-id=\"19f577fa\" data-element_type=\"container\" data-e-type=\"container\">\n\t\t\t\t<div class=\"elementor-element elementor-element-19fbdc79 elementor-widget elementor-widget-ecomus-heading\" data-id=\"19fbdc79\" data-element_type=\"widget\" data-e-type=\"widget\" data-widget_type=\"ecomus-heading.default\">\n\t\t\t\t<div class=\"elementor-widget-container\">\n\t\t\t\t\t\t\t<div class=\"ecomus-heading-elementor\">\n\t\t\t\t<h5 class=\"ecomus-heading em-flex em-flex-align-center ecomus-heading--default\">\n\t\t\t\t\t\t\t\t\t\tMesafeli Sat\u0131\u015f S\u00f6zle\u015fmesi\t\t\t\t<\/h5>\n\t\t\t<\/div>\n\t\t\t\t\t\t<\/div>\n\t\t\t\t<\/div>\n\t\t\t\t<div class=\"elementor-element elementor-element-c13b0b3 elementor-widget elementor-widget-text-editor\" data-id=\"c13b0b3\" data-element_type=\"widget\" data-e-type=\"widget\" data-widget_type=\"text-editor.default\">\n\t\t\t\t\t\t\t\t\t<p>MADDE 1 \u2013 TARAFLAR<\/p><p>SATICI:<br \/>\u00dcnvan: Emir Koleksiyon (Ali Emirhan S\u00fctc\u00fcler)\u00a0<br \/>Adres: N\u0130\u011eDE MERKEZ A\u015eA\u011eIKAYABA\u015eI MAHALLES\u0130 KIZILELMA S\u0130TES\u0130<br \/>Telefon: <a href=\"tel:+905015945922\">05015945922<\/a><br \/>E\u2011posta: info@emirkoleksiyon.com<\/p><p>ALICI:<br \/>Sipari\u015f s\u0131ras\u0131nda bilgileri giren ki\u015fi<\/p><p>\u2e3b<\/p><p>MADDE 2 \u2013 KONU<\/p><p>\u0130\u015fbu s\u00f6zle\u015fmenin konusu, ALICI\u2019n\u0131n SATICI\u2019ya ait www.likemedesign.com internet sitesinden elektronik ortamda sipari\u015fini verdi\u011fi a\u015fa\u011f\u0131da nitelikleri ve sat\u0131\u015f fiyat\u0131 belirtilen \u00fcr\u00fcn\u00fcn sat\u0131\u015f\u0131 ve teslimi ile ilgili olarak 6502 say\u0131l\u0131 T\u00fcketicinin Korunmas\u0131 Hakk\u0131ndaki Kanun ve Mesafeli S\u00f6zle\u015fmeler Y\u00f6netmeli\u011fi h\u00fck\u00fcmleri gere\u011fince taraflar\u0131n hak ve y\u00fck\u00fcml\u00fcl\u00fcklerinin belirlenmesidir.<\/p><p>\u2e3b<\/p><p>MADDE 3 \u2013 S\u00d6ZLE\u015eME KONUSU \u00dcR\u00dcN\/\u00dcR\u00dcNLER<\/p><p>\u00dcr\u00fcn veya \u00fcr\u00fcnlerin t\u00fcr\u00fc, miktar\u0131, sat\u0131\u015f bedeli, \u00f6deme \u015fekli ve teslimat bilgileri sipari\u015f a\u015famas\u0131nda ALICI\u2019ya sunulmu\u015f ve ALICI taraf\u0131ndan onaylanm\u0131\u015ft\u0131r.<\/p><p>\u2e3b<\/p><p>MADDE 4 \u2013 GENEL H\u00dcK\u00dcMLER<\/p><p>4.1. ALICI, s\u00f6zle\u015fme konusu \u00fcr\u00fcn\u00fcn temel nitelikleri, sat\u0131\u015f fiyat\u0131, \u00f6deme \u015fekli ve teslimat ko\u015fullar\u0131 hakk\u0131nda bilgilendirildi\u011fini ve bu bilgileri elektronik ortamda onaylad\u0131\u011f\u0131n\u0131 kabul eder.<\/p><p>4.2. \u00dcr\u00fcn, yasal s\u00fcre olan 30 g\u00fcn\u00fc a\u015fmamak kayd\u0131yla, 2 \u2013 5 i\u015f g\u00fcn\u00fc i\u00e7erisinde ALICI\u2019n\u0131n adresine teslim edilir.<\/p><p>4.3. \u00dcr\u00fcn, ALICI\u2019dan ba\u015fka bir ki\u015fi veya kurulu\u015fa teslim edilecek ise, teslim edilecek ki\u015fi veya kurulu\u015fun teslimat\u0131 kabul etmemesinden SATICI sorumlu tutulamaz.<\/p><p>\u2e3b<\/p><p>MADDE 5 \u2013 \u00d6DEME VE TESL\u0130MAT<\/p><p>5.1. \u00dcr\u00fcn bedeli, sipari\u015f s\u0131ras\u0131nda ALICI taraf\u0131ndan se\u00e7ilen \u00f6deme y\u00f6ntemi ile tahsil edilir.<\/p><p>5.2. \u00d6deme y\u00f6ntemleri:<br \/>\u2022Kredi kart\u0131 \/ Banka kart\u0131<\/p><p>5.3. Kargo \u00fccreti ALICI taraf\u0131ndan kar\u015f\u0131lan\u0131r.<br \/>10.000 TL ve \u00fczeri al\u0131\u015fveri\u015flerde kargo \u00fccretsizdir.<\/p><p>\u2e3b<\/p><p>MADDE 6 \u2013 CAYMA HAKKI<\/p><p>6.1. ALICI, \u00fcr\u00fcn\u00fc teslim ald\u0131\u011f\u0131 tarihten itibaren 14 (on d\u00f6rt) g\u00fcn i\u00e7inde hi\u00e7bir gerek\u00e7e g\u00f6stermeksizin cayma hakk\u0131n\u0131 kullanabilir.<\/p><p>6.2. Cayma hakk\u0131n\u0131n kullan\u0131lmas\u0131 i\u00e7in bu s\u00fcre i\u00e7inde SATICI\u2019ya e\u2011posta veya telefon yoluyla bildirimde bulunulmas\u0131 ve \u00fcr\u00fcn\u00fcn kullan\u0131lmam\u0131\u015f olmas\u0131 gerekir.<\/p><p>6.3. Cayma hakk\u0131 kullan\u0131ld\u0131\u011f\u0131nda \u00fcr\u00fcn; faturas\u0131, ambalaj\u0131 ve varsa aksesuarlar\u0131 ile birlikte eksiksiz ve hasars\u0131z \u015fekilde iade edilmelidir.<\/p><p>6.4. \u0130ade edilen \u00fcr\u00fcn SATICI\u2019ya ula\u015ft\u0131ktan sonra, \u00fcr\u00fcn bedeli 14 g\u00fcn i\u00e7inde ALICI\u2019ya \u00f6deme y\u00f6ntemine uygun \u015fekilde iade edilir.<\/p><p>6.5. Cayma hakk\u0131 kullan\u0131lamayan \u00fcr\u00fcnler:<br \/>\u2022Ki\u015fisel ihtiya\u00e7lara \u00f6zel haz\u0131rlanan \u00fcr\u00fcnler<br \/>\u2022Hijyen nedeniyle iadesi uygun olmayan \u00fcr\u00fcnler (i\u00e7 giyim, mayo, bikini vb.)<br \/>\u2022Niteli\u011fi itibar\u0131yla iade edilemeyen \u00fcr\u00fcnler<\/p><p>\u2e3b<\/p><p>MADDE 7 \u2013 TEMERR\u00dcT HAL\u0130<\/p><p>ALICI, kredi kart\u0131 ile yapt\u0131\u011f\u0131 \u00f6demelerde temerr\u00fcde d\u00fc\u015fmesi halinde, kart sahibi banka ile aras\u0131ndaki s\u00f6zle\u015fme h\u00fck\u00fcmleri kapsam\u0131nda sorumlu oldu\u011funu kabul eder.<\/p><p>\u2e3b<\/p><p>MADDE 8 \u2013 YETK\u0130L\u0130 MAHKEME<\/p><p>\u0130\u015fbu s\u00f6zle\u015fmeden do\u011fabilecek uyu\u015fmazl\u0131klarda T\u00fcrkiye Cumhuriyeti yasalar\u0131 uygulan\u0131r. T\u00fcketici, \u015fik\u00e2yet ve itirazlar\u0131n\u0131 t\u00fcketici hakem heyetlerine veya t\u00fcketici mahkemelerine yapabilir.<\/p><p>\u2e3b<\/p><p>TAR\u0130H: [Sipari\u015f tarihi otomatik olarak olu\u015fturulur]<br \/>SATICI: Emir Koleksiyon (Ali Emirhan S\u00fctc\u00fcler)<br \/>ALICI: [M\u00fc\u015fteri ad\u0131 otomatik olararak olu\u015fturulur<\/p>\t\t\t\t\t\t\t\t<\/div>\n\t\t\t\t<\/div>\n\t\t\t\t\t<\/div>\n\t\t\t\t<\/div>\n\t\t\t\t<\/div>\n\t\t","protected":false},"excerpt":{"rendered":"<p>Mesafeli Sat\u0131\u015f S\u00f6zle\u015fmesi MADDE 1 \u2013 TARAFLAR SATICI:\u00dcnvan: Emir Koleksiyon (Ali Emirhan S\u00fctc\u00fcler)\u00a0Adres: N\u0130\u011eDE MERKEZ A\u015eA\u011eIKAYABA\u015eI MAHALLES\u0130 KIZILELMA S\u0130TES\u0130Telefon: 05015945922E\u2011posta: info@emirkoleksiyon.com ALICI:Sipari\u015f s\u0131ras\u0131nda bilgileri giren ki\u015fi \u2e3b MADDE 2 \u2013 KONU \u0130\u015fbu s\u00f6zle\u015fmenin konusu, ALICI\u2019n\u0131n SATICI\u2019ya ait www.likemedesign.com internet sitesinden elektronik ortamda sipari\u015fini verdi\u011fi a\u015fa\u011f\u0131da nitelikleri ve sat\u0131\u015f fiyat\u0131 belirtilen \u00fcr\u00fcn\u00fcn sat\u0131\u015f\u0131 ve teslimi ile [&hellip;]<\/p>\n","protected":false},"author":1,"featured_media":0,"parent":0,"menu_order":0,"comment_status":"closed","ping_status":"closed","template":"","meta":{"footnotes":""},"class_list":["post-187","page","type-page","status-publish","hentry"],"_links":{"self":[{"href":"https:\/\/emirkoleksiyon.com\/index.php\/wp-json\/wp\/v2\/pages\/187","targetHints":{"allow":["GET"]}}],"collection":[{"href":"https:\/\/emirkoleksiyon.com\/index.php\/wp-json\/wp\/v2\/pages"}],"about":[{"href":"https:\/\/emirkoleksiyon.com\/index.php\/wp-json\/wp\/v2\/types\/page"}],"author":[{"embeddable":true,"href":"https:\/\/emirkoleksiyon.com\/index.php\/wp-json\/wp\/v2\/users\/1"}],"replies":[{"embeddable":true,"href":"https:\/\/emirkoleksiyon.com\/index.php\/wp-json\/wp\/v2\/comments?post=187"}],"version-history":[{"count":0,"href":"https:\/\/emirkoleksiyon.com\/index.php\/wp-json\/wp\/v2\/pages\/187\/revisions"}],"wp:attachment":[{"href":"https:\/\/emirkoleksiyon.com\/index.php\/wp-json\/wp\/v2\/media?parent=187"}],"curies":[{"name":"wp","href":"https:\/\/api.w.org\/{rel}","templated":true}]}}